{"id":2445,"date":"2025-08-21T13:26:35","date_gmt":"2025-08-21T11:26:35","guid":{"rendered":"http:\/\/lafarandole.org\/?page_id=2445"},"modified":"2025-08-21T13:28:48","modified_gmt":"2025-08-21T11:28:48","slug":"concert-meditatif-piano","status":"publish","type":"page","link":"https:\/\/lafarandole.org\/?page_id=2445","title":{"rendered":"CONCERT MEDITATIF PIANO"},"content":{"rendered":"\n<p>Laissez-vous bercer par les m\u00e9lodies apaisantes qui vous guideront vers un \u00e9tat de calme et de s\u00e9r\u00e9nit\u00e9. Ce concert est une occasion de vous offrir un moment de d\u00e9tente profonde, de vous reconnecter \u00e0 vous-m\u00eame et de lib\u00e9rer les tensions accumul\u00e9es. Laissez-vous transporter par une atmosph\u00e8re paisible et enveloppante.<\/p>\n\n\n\n<p><strong>Date : <\/strong>Samedi 21 Mars 2026 de 20h \u00e0 21h<\/p>\n\n\n\n<p>Tarif : 13\u20ac pour les adh\u00e9rent et 18\u20ac les non adh\u00e9rent<\/p>\n\n\n\n<p>Lieu : Salle d&rsquo;activit\u00e9 verte<\/p>\n\n\n\n<p>12 personnes au minimum et 22 maximum<\/p>\n\n\n\n<p>A partir de 12 ans.<\/p>\n\n\n\n<p><\/p>\n","protected":false},"excerpt":{"rendered":"<p>Laissez-vous bercer par les m\u00e9lodies apaisantes qui vous guideront vers un \u00e9tat de calme et de s\u00e9r\u00e9nit\u00e9. Ce concert est une occasion de vous offrir un moment de d\u00e9tente profonde, de vous reconnecter \u00e0 vous-m\u00eame et de lib\u00e9rer les tensions accumul\u00e9es. Laissez-vous transporter par une atmosph\u00e8re paisible et enveloppante. Date : Samedi 21 Mars 2026 <a href=\"https:\/\/lafarandole.org\/?page_id=2445\" rel=\"nofollow\"><span class=\"sr-only\">En savoir plus surCONCERT MEDITATIF PIANO<\/span>[&hellip;]<\/a><\/p>\n","protected":false},"author":5,"featured_media":0,"parent":439,"menu_order":0,"comment_status":"closed","ping_status":"closed","template":"","meta":{"ngg_post_thumbnail":0,"footnotes":""},"class_list":["post-2445","page","type-page","status-publish","hentry"],"_links":{"self":[{"href":"https:\/\/lafarandole.org\/index.php?rest_route=\/wp\/v2\/pages\/2445","targetHints":{"allow":["GET"]}}],"collection":[{"href":"https:\/\/lafarandole.org\/index.php?rest_route=\/wp\/v2\/pages"}],"about":[{"href":"https:\/\/lafarandole.org\/index.php?rest_route=\/wp\/v2\/types\/page"}],"author":[{"embeddable":true,"href":"https:\/\/lafarandole.org\/index.php?rest_route=\/wp\/v2\/users\/5"}],"replies":[{"embeddable":true,"href":"https:\/\/lafarandole.org\/index.php?rest_route=%2Fwp%2Fv2%2Fcomments&post=2445"}],"version-history":[{"count":4,"href":"https:\/\/lafarandole.org\/index.php?rest_route=\/wp\/v2\/pages\/2445\/revisions"}],"predecessor-version":[{"id":3508,"href":"https:\/\/lafarandole.org\/index.php?rest_route=\/wp\/v2\/pages\/2445\/revisions\/3508"}],"up":[{"embeddable":true,"href":"https:\/\/lafarandole.org\/index.php?rest_route=\/wp\/v2\/pages\/439"}],"wp:attachment":[{"href":"https:\/\/lafarandole.org\/index.php?rest_route=%2Fwp%2Fv2%2Fmedia&parent=2445"}],"curies":[{"name":"wp","href":"https:\/\/api.w.org\/{rel}","templated":true}]}}