{"id":2564,"date":"2025-08-21T13:37:41","date_gmt":"2025-08-21T11:37:41","guid":{"rendered":"http:\/\/lafarandole.org\/?page_id=2564"},"modified":"2025-08-21T13:37:41","modified_gmt":"2025-08-21T11:37:41","slug":"art-du-conte","status":"publish","type":"page","link":"https:\/\/lafarandole.org\/?page_id=2564","title":{"rendered":"ART DU CONTE"},"content":{"rendered":"\n<p>Jouer et se lier avec les histoires, d\u00e9couvrir des jeux et m\u00e9thodes pour travailler une histoire \u00e9crite, l&rsquo;oraliser et la raconter.<\/p>\n\n\n\n<p>Conteuse : Lucie CHAUDY<\/p>\n\n\n\n<p>Week-end du 7-8 mars 2026<\/p>\n\n\n\n<p>Tarif : Prix conscient de 50\u20ac \u00e0 90\u20ac suppl\u00e9ment de 10\u20ac pour les non adh\u00e9rents<\/p>\n\n\n\n<p>Lieu : Salle d&rsquo;activit\u00e9 Verte<\/p>\n\n\n\n<p>Minimum : 9 personnes    <br>Maximum : 15 personnes<\/p>\n\n\n\n<p>\u00e0 partir de 14 ans<br><\/p>\n","protected":false},"excerpt":{"rendered":"<p>Jouer et se lier avec les histoires, d\u00e9couvrir des jeux et m\u00e9thodes pour travailler une histoire \u00e9crite, l&rsquo;oraliser et la raconter. Conteuse : Lucie CHAUDY Week-end du 7-8 mars 2026 Tarif : Prix conscient de 50\u20ac \u00e0 90\u20ac suppl\u00e9ment de 10\u20ac pour les non adh\u00e9rents Lieu : Salle d&rsquo;activit\u00e9 Verte Minimum : 9 personnes Maximum <a href=\"https:\/\/lafarandole.org\/?page_id=2564\" rel=\"nofollow\"><span class=\"sr-only\">En savoir plus surART DU CONTE<\/span>[&hellip;]<\/a><\/p>\n","protected":false},"author":5,"featured_media":0,"parent":0,"menu_order":0,"comment_status":"closed","ping_status":"closed","template":"","meta":{"ngg_post_thumbnail":0,"footnotes":""},"class_list":["post-2564","page","type-page","status-publish","hentry"],"_links":{"self":[{"href":"https:\/\/lafarandole.org\/index.php?rest_route=\/wp\/v2\/pages\/2564","targetHints":{"allow":["GET"]}}],"collection":[{"href":"https:\/\/lafarandole.org\/index.php?rest_route=\/wp\/v2\/pages"}],"about":[{"href":"https:\/\/lafarandole.org\/index.php?rest_route=\/wp\/v2\/types\/page"}],"author":[{"embeddable":true,"href":"https:\/\/lafarandole.org\/index.php?rest_route=\/wp\/v2\/users\/5"}],"replies":[{"embeddable":true,"href":"https:\/\/lafarandole.org\/index.php?rest_route=%2Fwp%2Fv2%2Fcomments&post=2564"}],"version-history":[{"count":2,"href":"https:\/\/lafarandole.org\/index.php?rest_route=\/wp\/v2\/pages\/2564\/revisions"}],"predecessor-version":[{"id":3512,"href":"https:\/\/lafarandole.org\/index.php?rest_route=\/wp\/v2\/pages\/2564\/revisions\/3512"}],"wp:attachment":[{"href":"https:\/\/lafarandole.org\/index.php?rest_route=%2Fwp%2Fv2%2Fmedia&parent=2564"}],"curies":[{"name":"wp","href":"https:\/\/api.w.org\/{rel}","templated":true}]}}