{"id":2758,"date":"2020-07-29T11:44:06","date_gmt":"2020-07-29T09:44:06","guid":{"rendered":"http:\/\/lafarandole.org\/?page_id=2758"},"modified":"2026-04-19T13:05:04","modified_gmt":"2026-04-19T11:05:04","slug":"botanique","status":"publish","type":"page","link":"https:\/\/lafarandole.org\/?page_id=2758","title":{"rendered":"Botanique"},"content":{"rendered":"\n<p class=\"has-vivid-red-color has-text-color\"><strong>Pr\u00e9sentation de l&rsquo;activit\u00e9<\/strong><\/p>\n\n\n\n<p class=\"has-very-dark-gray-color has-text-color\">Maud nous propose un voyage v\u00e9g\u00e9tal pour d\u00e9couvrir ou apprivoiser les plantes locales, celles qui soignent, celles qui se mangent et celles \u00e0 \u00e9viter.<\/p>\n\n\n\n<p>Elle nous fera aussi d\u00e9couvrir la fabrication du savon et de produits m\u00e9nagers.<\/p>\n\n\n\n<p class=\"has-vivid-red-color has-text-color\"><strong>Professeur &#8211; Horaire &#8211; Tarif &#8211; Lieu<\/strong><\/p>\n\n\n\n<p><strong><mark style=\"background-color:rgba(0, 0, 0, 0)\" class=\"has-inline-color has-vivid-red-color\">Premi\u00e8re sortir samedi 27 septembre 2025 \u00e0 14h<\/mark><\/strong><\/p>\n\n\n\n<p>Maud SALICHON KHELIFATI<\/p>\n\n\n\n<p>Animation de 1h30, 7 samedis de 14h \u00e0 15h30.<\/p>\n\n\n\n<p>50\u20ac par personne\/ an ou 10\u20ac par personne la sortie ou l&rsquo;atelier (sur r\u00e9servation).<\/p>\n\n\n\n<p>En ext\u00e9rieur, RDV sur le parking sous la salle des f\u00eates<\/p>\n\n\n\n<p>9 adh\u00e9rant au minimum<\/p>\n\n\n\n<h4 class=\"wp-block-heading has-text-align-center\">Atelier Fabrication de Savon 2026<\/h4>\n\n\n\n<figure class=\"wp-block-image size-large\"><a href=\"https:\/\/lafarandole.org\/wp-content\/uploads\/2026\/04\/1776595656920.avif\"><img data-dominant-color=\"757288\" data-has-transparency=\"false\" style=\"--dominant-color: #757288;\" loading=\"lazy\" decoding=\"async\" width=\"1024\" height=\"1024\" src=\"https:\/\/lafarandole.org\/wp-content\/uploads\/2026\/04\/1776595656920-1024x1024.avif\" alt=\"\" class=\"wp-image-3611 not-transparent\" srcset=\"https:\/\/lafarandole.org\/wp-content\/uploads\/2026\/04\/1776595656920-1024x1024.avif 1024w, https:\/\/lafarandole.org\/wp-content\/uploads\/2026\/04\/1776595656920-300x300.avif 300w, https:\/\/lafarandole.org\/wp-content\/uploads\/2026\/04\/1776595656920-150x150.avif 150w, https:\/\/lafarandole.org\/wp-content\/uploads\/2026\/04\/1776595656920-768x768.avif 768w, https:\/\/lafarandole.org\/wp-content\/uploads\/2026\/04\/1776595656920-1536x1536.avif 1536w, https:\/\/lafarandole.org\/wp-content\/uploads\/2026\/04\/1776595656920-250x250.avif 250w, https:\/\/lafarandole.org\/wp-content\/uploads\/2026\/04\/1776595656920-174x174.avif 174w, https:\/\/lafarandole.org\/wp-content\/uploads\/2026\/04\/1776595656920.avif 1600w\" sizes=\"auto, (max-width: 1024px) 100vw, 1024px\" \/><\/a><\/figure>\n\n\n\n<div class=\"wp-block-columns is-layout-flex wp-container-core-columns-is-layout-9d6595d7 wp-block-columns-is-layout-flex\">\n<div class=\"wp-block-column is-layout-flow wp-block-column-is-layout-flow\">\n<figure class=\"wp-block-gallery has-nested-images columns-default is-cropped wp-block-gallery-1 is-layout-flex wp-block-gallery-is-layout-flex\">\n<figure class=\"wp-block-image size-large\"><a href=\"https:\/\/lafarandole.org\/wp-content\/uploads\/2026\/04\/1776595656927-1.avif\"><img data-dominant-color=\"986f8a\" data-has-transparency=\"false\" style=\"--dominant-color: #986f8a;\" loading=\"lazy\" decoding=\"async\" width=\"819\" height=\"1024\" data-id=\"3616\" src=\"https:\/\/lafarandole.org\/wp-content\/uploads\/2026\/04\/1776595656927-1-819x1024.avif\" alt=\"\" class=\"wp-image-3616 not-transparent\" srcset=\"https:\/\/lafarandole.org\/wp-content\/uploads\/2026\/04\/1776595656927-1-819x1024.avif 819w, https:\/\/lafarandole.org\/wp-content\/uploads\/2026\/04\/1776595656927-1-240x300.avif 240w, https:\/\/lafarandole.org\/wp-content\/uploads\/2026\/04\/1776595656927-1-768x960.avif 768w, https:\/\/lafarandole.org\/wp-content\/uploads\/2026\/04\/1776595656927-1-1229x1536.avif 1229w, https:\/\/lafarandole.org\/wp-content\/uploads\/2026\/04\/1776595656927-1.avif 1280w\" sizes=\"auto, (max-width: 819px) 100vw, 819px\" \/><\/a><\/figure>\n\n\n\n<figure class=\"wp-block-image size-large\"><a href=\"https:\/\/lafarandole.org\/wp-content\/uploads\/2026\/04\/1776595656922-1.avif\"><img data-dominant-color=\"9c57a8\" data-has-transparency=\"false\" style=\"--dominant-color: #9c57a8;\" loading=\"lazy\" decoding=\"async\" width=\"768\" height=\"1024\" data-id=\"3615\" src=\"https:\/\/lafarandole.org\/wp-content\/uploads\/2026\/04\/1776595656922-1-768x1024.avif\" alt=\"\" class=\"wp-image-3615 not-transparent\" srcset=\"https:\/\/lafarandole.org\/wp-content\/uploads\/2026\/04\/1776595656922-1-768x1024.avif 768w, https:\/\/lafarandole.org\/wp-content\/uploads\/2026\/04\/1776595656922-1-225x300.avif 225w, https:\/\/lafarandole.org\/wp-content\/uploads\/2026\/04\/1776595656922-1-1152x1536.avif 1152w, https:\/\/lafarandole.org\/wp-content\/uploads\/2026\/04\/1776595656922-1.avif 1200w\" sizes=\"auto, (max-width: 768px) 100vw, 768px\" \/><\/a><\/figure>\n\n\n\n<figure class=\"wp-block-image size-large\"><a href=\"https:\/\/lafarandole.org\/wp-content\/uploads\/2026\/04\/1776595656925-1.avif\"><img data-dominant-color=\"527984\" data-has-transparency=\"false\" style=\"--dominant-color: #527984;\" loading=\"lazy\" decoding=\"async\" width=\"1024\" height=\"768\" data-id=\"3617\" src=\"https:\/\/lafarandole.org\/wp-content\/uploads\/2026\/04\/1776595656925-1-1024x768.avif\" alt=\"\" class=\"wp-image-3617 not-transparent\" srcset=\"https:\/\/lafarandole.org\/wp-content\/uploads\/2026\/04\/1776595656925-1-1024x768.avif 1024w, https:\/\/lafarandole.org\/wp-content\/uploads\/2026\/04\/1776595656925-1-300x225.avif 300w, https:\/\/lafarandole.org\/wp-content\/uploads\/2026\/04\/1776595656925-1-768x576.avif 768w, https:\/\/lafarandole.org\/wp-content\/uploads\/2026\/04\/1776595656925-1-1536x1152.avif 1536w, https:\/\/lafarandole.org\/wp-content\/uploads\/2026\/04\/1776595656925-1-285x214.avif 285w, https:\/\/lafarandole.org\/wp-content\/uploads\/2026\/04\/1776595656925-1.avif 1600w\" sizes=\"auto, (max-width: 1024px) 100vw, 1024px\" \/><\/a><\/figure>\n<\/figure>\n<\/div>\n<\/div>\n\n\n\n<p><\/p>\n","protected":false},"excerpt":{"rendered":"<p>Pr\u00e9sentation de l&rsquo;activit\u00e9 Maud nous propose un voyage v\u00e9g\u00e9tal pour d\u00e9couvrir ou apprivoiser les plantes locales, celles qui soignent, celles qui se mangent et celles \u00e0 \u00e9viter. Elle nous fera aussi d\u00e9couvrir la fabrication du savon et de produits m\u00e9nagers. Professeur &#8211; Horaire &#8211; Tarif &#8211; Lieu Premi\u00e8re sortir samedi 27 septembre 2025 \u00e0 14h <a href=\"https:\/\/lafarandole.org\/?page_id=2758\" rel=\"nofollow\"><span class=\"sr-only\">En savoir plus surBotanique<\/span>[&hellip;]<\/a><\/p>\n","protected":false},"author":5,"featured_media":0,"parent":0,"menu_order":0,"comment_status":"closed","ping_status":"closed","template":"","meta":{"ngg_post_thumbnail":0,"footnotes":""},"class_list":["post-2758","page","type-page","status-publish","hentry"],"_links":{"self":[{"href":"https:\/\/lafarandole.org\/index.php?rest_route=\/wp\/v2\/pages\/2758","targetHints":{"allow":["GET"]}}],"collection":[{"href":"https:\/\/lafarandole.org\/index.php?rest_route=\/wp\/v2\/pages"}],"about":[{"href":"https:\/\/lafarandole.org\/index.php?rest_route=\/wp\/v2\/types\/page"}],"author":[{"embeddable":true,"href":"https:\/\/lafarandole.org\/index.php?rest_route=\/wp\/v2\/users\/5"}],"replies":[{"embeddable":true,"href":"https:\/\/lafarandole.org\/index.php?rest_route=%2Fwp%2Fv2%2Fcomments&post=2758"}],"version-history":[{"count":9,"href":"https:\/\/lafarandole.org\/index.php?rest_route=\/wp\/v2\/pages\/2758\/revisions"}],"predecessor-version":[{"id":3620,"href":"https:\/\/lafarandole.org\/index.php?rest_route=\/wp\/v2\/pages\/2758\/revisions\/3620"}],"wp:attachment":[{"href":"https:\/\/lafarandole.org\/index.php?rest_route=%2Fwp%2Fv2%2Fmedia&parent=2758"}],"curies":[{"name":"wp","href":"https:\/\/api.w.org\/{rel}","templated":true}]}}