{"id":2909,"date":"2021-07-02T12:48:47","date_gmt":"2021-07-02T10:48:47","guid":{"rendered":"http:\/\/lafarandole.org\/?page_id=2909"},"modified":"2026-04-19T12:56:03","modified_gmt":"2026-04-19T10:56:03","slug":"lavray-photo","status":"publish","type":"page","link":"https:\/\/lafarandole.org\/?page_id=2909","title":{"rendered":"L&rsquo;Avray Photo"},"content":{"rendered":"\n<p><em>Votre appareil photo num\u00e9rique est un v\u00e9ritable bijou de technologie. Quel dommage de l\u2019utiliser seulement en \u00ab&nbsp;mode auto \u00bb ! Apprenez \u00e0 vous en servir&nbsp; avec nous et&nbsp; devenez un pro !<\/em><\/p>\n\n\n\n<p><strong>4 journ\u00e9es de stage dans l&rsquo;ann\u00e9e \u00e0 d\u00e9finir avec les adh\u00e9rents<\/strong><\/p>\n\n\n\n<p><strong>1\u00e8re rencontre Vendredi 12 SEPTEMBRE de 19h \u00e0 20h <\/strong><\/p>\n\n\n\n<p><strong>Tarif&nbsp;: <\/strong>140 \u20ac<\/p>\n\n\n\n<p><strong>Lieu<\/strong>&nbsp;: Salle Valenciennes<\/p>\n\n\n\n<p><strong>A partir de 16 ans<\/strong><\/p>\n\n\n\n<p><strong>10 personnes maximum<\/strong><mark style=\"background-color:rgba(0, 0, 0, 0)\" class=\"has-inline-color has-vivid-cyan-blue-color\"><\/mark><\/p>\n\n\n\n<div class=\"wp-block-group\"><div class=\"wp-block-group__inner-container is-layout-constrained wp-block-group-is-layout-constrained\">\n<h4 class=\"wp-block-heading has-text-align-center\"><strong>Photo 2025\/2026<\/strong><\/h4>\n\n\n\n<figure class=\"wp-block-gallery has-nested-images columns-default is-cropped wp-block-gallery-1 is-layout-flex wp-block-gallery-is-layout-flex\">\n<figure class=\"wp-block-image size-large\"><a href=\"https:\/\/lafarandole.org\/wp-content\/uploads\/2026\/04\/1776595908189.avif\"><img data-dominant-color=\"81738e\" data-has-transparency=\"false\" style=\"--dominant-color: #81738e;\" loading=\"lazy\" decoding=\"async\" width=\"1024\" height=\"576\" data-id=\"3601\" src=\"https:\/\/lafarandole.org\/wp-content\/uploads\/2026\/04\/1776595908189-1024x576.avif\" alt=\"\" class=\"wp-image-3601 not-transparent\" srcset=\"https:\/\/lafarandole.org\/wp-content\/uploads\/2026\/04\/1776595908189-1024x576.avif 1024w, https:\/\/lafarandole.org\/wp-content\/uploads\/2026\/04\/1776595908189-300x169.avif 300w, https:\/\/lafarandole.org\/wp-content\/uploads\/2026\/04\/1776595908189-768x432.avif 768w, https:\/\/lafarandole.org\/wp-content\/uploads\/2026\/04\/1776595908189-1536x864.avif 1536w, https:\/\/lafarandole.org\/wp-content\/uploads\/2026\/04\/1776595908189.avif 2048w\" sizes=\"auto, (max-width: 1024px) 100vw, 1024px\" \/><\/a><\/figure>\n\n\n\n<figure class=\"wp-block-image size-large\"><a href=\"https:\/\/lafarandole.org\/wp-content\/uploads\/2026\/04\/1776595908195-4-scaled.avif\"><img data-dominant-color=\"607684\" data-has-transparency=\"false\" style=\"--dominant-color: #607684;\" loading=\"lazy\" decoding=\"async\" width=\"1024\" height=\"768\" data-id=\"3606\" src=\"https:\/\/lafarandole.org\/wp-content\/uploads\/2026\/04\/1776595908195-4-1024x768.avif\" alt=\"\" class=\"wp-image-3606 not-transparent\" srcset=\"https:\/\/lafarandole.org\/wp-content\/uploads\/2026\/04\/1776595908195-4-1024x768.avif 1024w, https:\/\/lafarandole.org\/wp-content\/uploads\/2026\/04\/1776595908195-4-300x225.avif 300w, https:\/\/lafarandole.org\/wp-content\/uploads\/2026\/04\/1776595908195-4-768x576.avif 768w, https:\/\/lafarandole.org\/wp-content\/uploads\/2026\/04\/1776595908195-4-1536x1152.avif 1536w, https:\/\/lafarandole.org\/wp-content\/uploads\/2026\/04\/1776595908195-4-2048x1536.avif 2048w, https:\/\/lafarandole.org\/wp-content\/uploads\/2026\/04\/1776595908195-4-285x214.avif 285w\" sizes=\"auto, (max-width: 1024px) 100vw, 1024px\" \/><\/a><\/figure>\n<\/figure>\n<\/div><\/div>\n\n\n\n<p><\/p>\n","protected":false},"excerpt":{"rendered":"<p>Votre appareil photo num\u00e9rique est un v\u00e9ritable bijou de technologie. Quel dommage de l\u2019utiliser seulement en \u00ab&nbsp;mode auto \u00bb ! Apprenez \u00e0 vous en servir&nbsp; avec nous et&nbsp; devenez un pro ! 4 journ\u00e9es de stage dans l&rsquo;ann\u00e9e \u00e0 d\u00e9finir avec les adh\u00e9rents 1\u00e8re rencontre Vendredi 12 SEPTEMBRE de 19h \u00e0 20h Tarif&nbsp;: 140 \u20ac <a href=\"https:\/\/lafarandole.org\/?page_id=2909\" rel=\"nofollow\"><span class=\"sr-only\">En savoir plus surL&rsquo;Avray Photo<\/span>[&hellip;]<\/a><\/p>\n","protected":false},"author":5,"featured_media":0,"parent":439,"menu_order":0,"comment_status":"closed","ping_status":"closed","template":"","meta":{"ngg_post_thumbnail":0,"footnotes":""},"class_list":["post-2909","page","type-page","status-publish","hentry"],"_links":{"self":[{"href":"https:\/\/lafarandole.org\/index.php?rest_route=\/wp\/v2\/pages\/2909","targetHints":{"allow":["GET"]}}],"collection":[{"href":"https:\/\/lafarandole.org\/index.php?rest_route=\/wp\/v2\/pages"}],"about":[{"href":"https:\/\/lafarandole.org\/index.php?rest_route=\/wp\/v2\/types\/page"}],"author":[{"embeddable":true,"href":"https:\/\/lafarandole.org\/index.php?rest_route=\/wp\/v2\/users\/5"}],"replies":[{"embeddable":true,"href":"https:\/\/lafarandole.org\/index.php?rest_route=%2Fwp%2Fv2%2Fcomments&post=2909"}],"version-history":[{"count":10,"href":"https:\/\/lafarandole.org\/index.php?rest_route=\/wp\/v2\/pages\/2909\/revisions"}],"predecessor-version":[{"id":3609,"href":"https:\/\/lafarandole.org\/index.php?rest_route=\/wp\/v2\/pages\/2909\/revisions\/3609"}],"up":[{"embeddable":true,"href":"https:\/\/lafarandole.org\/index.php?rest_route=\/wp\/v2\/pages\/439"}],"wp:attachment":[{"href":"https:\/\/lafarandole.org\/index.php?rest_route=%2Fwp%2Fv2%2Fmedia&parent=2909"}],"curies":[{"name":"wp","href":"https:\/\/api.w.org\/{rel}","templated":true}]}}