{"id":30,"date":"2015-07-09T15:26:57","date_gmt":"2015-07-09T15:26:57","guid":{"rendered":"http:\/\/lafarandole.org\/?page_id=30"},"modified":"2025-09-01T15:21:09","modified_gmt":"2025-09-01T13:21:09","slug":"poterie","status":"publish","type":"page","link":"https:\/\/lafarandole.org\/?page_id=30","title":{"rendered":"Poterie"},"content":{"rendered":"\n<p><\/p>\n\n\n<div class=\"wp-block-image\">\n<figure class=\"alignright\"><a href=\"https:\/\/lafarandole.org\/wp-content\/uploads\/2015\/07\/poterie.jpg\"><img loading=\"lazy\" decoding=\"async\" width=\"500\" height=\"333\" src=\"https:\/\/lafarandole.org\/wp-content\/uploads\/2015\/07\/poterie.jpg\" alt=\"\" class=\"wp-image-405\" srcset=\"https:\/\/lafarandole.org\/wp-content\/uploads\/2015\/07\/poterie.jpg 500w, https:\/\/lafarandole.org\/wp-content\/uploads\/2015\/07\/poterie-300x200.jpg 300w\" sizes=\"auto, (max-width: 500px) 100vw, 500px\" \/><\/a><\/figure>\n<\/div>\n\n\n<p><\/p>\n\n\n\n<p class=\"has-text-align-left\"><span style=\"color: #ff0000;\">&nbsp;&nbsp;&nbsp;&nbsp;&nbsp;&nbsp;&nbsp;&nbsp;&nbsp;&nbsp;&nbsp;&nbsp;&nbsp;&nbsp;&nbsp;&nbsp;&nbsp;&nbsp;&nbsp;&nbsp;&nbsp;&nbsp;<\/span><span style=\"color: #ff0000;\">&nbsp;<\/span> <span style=\"text-decoration: underline; color: #ff0000;\">Sommaire :<\/span><\/p>\n\n\n\n<h3 class=\"wp-block-heading\">&nbsp;<\/h3>\n\n\n\n<h3 class=\"wp-block-heading\">\u00a0<\/h3>\n\n\n\n<ol class=\"wp-block-list\">\n<li><a href=\"#presentation\">Pr\u00e9sentation de l&rsquo;activit\u00e9<\/a><\/li>\n\n\n\n<li><a href=\"#prof-horaire\">Professeur &#8211; Horaire &#8211; Tarif<\/a><\/li>\n\n\n\n<li><a href=\"#Photo\">Photos<\/a><\/li>\n<\/ol>\n\n\n\n<h3 class=\"wp-block-heading\" id=\"sommaire_1\"><span style=\"text-decoration: underline;\"><span style=\"color: #ff0000; text-decoration: underline;\"><a id=\"presentation\"><\/a> Pr\u00e9sentation de l&rsquo;activit\u00e9<br><\/span><\/span><\/h3>\n\n\n\n<p>Cr\u00e9er, modeler, fa\u00e7onner, passer de l\u2019imaginaire \u00e0 la mati\u00e8re les mains dans la terre, c\u2019est ce que vous \u00eates invit\u00e9(e)s \u00e0 faire au cours de poterie, que vous soyez d\u00e9butant, amateur ou fin connaisseur. Argile fournie dans la limite fix\u00e9e par l\u2019Association<\/p>\n\n\n\n<h3 class=\"wp-block-heading\" id=\"sommaire_2\"><span style=\"text-decoration: underline;\"><span style=\"color: #ff0000; text-decoration: underline;\"><a id=\"prof-horaire\"><\/a><code>Professeur - horaire - Tarif<\/code><br><\/span><\/span><\/h3>\n\n\n\n<p><span style=\"color: #3366ff;\"><strong>Premier cours Mardi 09 septembre 2025<\/strong><\/span><\/p>\n\n\n\n<p>Professeur : Marl\u00e8ne SMARA<\/p>\n\n\n\n<p>Poterie Enfants \u00e0 partir de 8 ans :175 \u20ac Atelier de Poterie ( Salle des Jeunes) le Mardi 18h00-19h00 max 10<\/p>\n\n\n\n<p>Poterie Adultes \u00e0 partir de 16 ans :&nbsp; 240 \u20ac Atelier de Poterie Mardi 19h15-20h45 max 10<\/p>\n\n\n\n<h3 class=\"wp-block-heading\" id=\"sommaire_2\"><span style=\"text-decoration: underline;\"><span style=\"color: #ff0000; text-decoration: underline;\"><code><a href=\"#Photo\">Photos<\/a><\/code><br><\/span><\/span><\/h3>\n\n\n\n<p class=\"has-text-align-center\"><span style=\"text-decoration: underline;\"><span style=\"color: #ff9900; text-decoration: underline;\">Saison 2024-2025<\/span><\/span><\/p>\n\n\n\n<figure class=\"wp-block-gallery has-nested-images columns-default is-cropped wp-block-gallery-1 is-layout-flex wp-block-gallery-is-layout-flex\">\n<figure class=\"wp-block-image size-large\"><a href=\"https:\/\/lafarandole.org\/wp-content\/uploads\/2025\/09\/IMG_20250513_1915488991.jpg\"><img loading=\"lazy\" decoding=\"async\" width=\"768\" height=\"1024\" data-id=\"3547\" src=\"https:\/\/lafarandole.org\/wp-content\/uploads\/2025\/09\/IMG_20250513_1915488991-768x1024.jpg\" alt=\"\" class=\"wp-image-3547\" srcset=\"https:\/\/lafarandole.org\/wp-content\/uploads\/2025\/09\/IMG_20250513_1915488991-768x1024.jpg 768w, https:\/\/lafarandole.org\/wp-content\/uploads\/2025\/09\/IMG_20250513_1915488991-225x300.jpg 225w, https:\/\/lafarandole.org\/wp-content\/uploads\/2025\/09\/IMG_20250513_1915488991-1152x1536.jpg 1152w, https:\/\/lafarandole.org\/wp-content\/uploads\/2025\/09\/IMG_20250513_1915488991-1536x2048.jpg 1536w, https:\/\/lafarandole.org\/wp-content\/uploads\/2025\/09\/IMG_20250513_1915488991.jpg 1560w\" sizes=\"auto, (max-width: 768px) 100vw, 768px\" \/><\/a><\/figure>\n\n\n\n<figure class=\"wp-block-image size-large\"><a href=\"https:\/\/lafarandole.org\/wp-content\/uploads\/2025\/09\/IMG_20250513_1940499521.jpg\"><img loading=\"lazy\" decoding=\"async\" width=\"768\" height=\"1024\" data-id=\"3548\" src=\"https:\/\/lafarandole.org\/wp-content\/uploads\/2025\/09\/IMG_20250513_1940499521-768x1024.jpg\" alt=\"\" class=\"wp-image-3548\" srcset=\"https:\/\/lafarandole.org\/wp-content\/uploads\/2025\/09\/IMG_20250513_1940499521-768x1024.jpg 768w, https:\/\/lafarandole.org\/wp-content\/uploads\/2025\/09\/IMG_20250513_1940499521-225x300.jpg 225w, https:\/\/lafarandole.org\/wp-content\/uploads\/2025\/09\/IMG_20250513_1940499521-1152x1536.jpg 1152w, https:\/\/lafarandole.org\/wp-content\/uploads\/2025\/09\/IMG_20250513_1940499521-1536x2048.jpg 1536w, https:\/\/lafarandole.org\/wp-content\/uploads\/2025\/09\/IMG_20250513_1940499521.jpg 1560w\" sizes=\"auto, (max-width: 768px) 100vw, 768px\" \/><\/a><\/figure>\n\n\n\n<figure class=\"wp-block-image size-large\"><a href=\"https:\/\/lafarandole.org\/wp-content\/uploads\/2025\/09\/IMG_20250513_1952505301.jpg\"><img loading=\"lazy\" decoding=\"async\" width=\"768\" height=\"1024\" data-id=\"3549\" src=\"https:\/\/lafarandole.org\/wp-content\/uploads\/2025\/09\/IMG_20250513_1952505301-768x1024.jpg\" alt=\"\" class=\"wp-image-3549\" srcset=\"https:\/\/lafarandole.org\/wp-content\/uploads\/2025\/09\/IMG_20250513_1952505301-768x1024.jpg 768w, https:\/\/lafarandole.org\/wp-content\/uploads\/2025\/09\/IMG_20250513_1952505301-225x300.jpg 225w, https:\/\/lafarandole.org\/wp-content\/uploads\/2025\/09\/IMG_20250513_1952505301-1152x1536.jpg 1152w, https:\/\/lafarandole.org\/wp-content\/uploads\/2025\/09\/IMG_20250513_1952505301-1536x2048.jpg 1536w, https:\/\/lafarandole.org\/wp-content\/uploads\/2025\/09\/IMG_20250513_1952505301.jpg 1560w\" sizes=\"auto, (max-width: 768px) 100vw, 768px\" \/><\/a><\/figure>\n\n\n\n<figure class=\"wp-block-image size-large\"><a href=\"https:\/\/lafarandole.org\/wp-content\/uploads\/2025\/09\/IMG_20250513_1953127011.jpg\"><img loading=\"lazy\" decoding=\"async\" width=\"768\" height=\"1024\" data-id=\"3550\" src=\"https:\/\/lafarandole.org\/wp-content\/uploads\/2025\/09\/IMG_20250513_1953127011-768x1024.jpg\" alt=\"\" class=\"wp-image-3550\" srcset=\"https:\/\/lafarandole.org\/wp-content\/uploads\/2025\/09\/IMG_20250513_1953127011-768x1024.jpg 768w, https:\/\/lafarandole.org\/wp-content\/uploads\/2025\/09\/IMG_20250513_1953127011-225x300.jpg 225w, https:\/\/lafarandole.org\/wp-content\/uploads\/2025\/09\/IMG_20250513_1953127011-1152x1536.jpg 1152w, https:\/\/lafarandole.org\/wp-content\/uploads\/2025\/09\/IMG_20250513_1953127011-1536x2048.jpg 1536w, https:\/\/lafarandole.org\/wp-content\/uploads\/2025\/09\/IMG_20250513_1953127011.jpg 1560w\" sizes=\"auto, (max-width: 768px) 100vw, 768px\" \/><\/a><\/figure>\n\n\n\n<figure class=\"wp-block-image size-large\"><a href=\"https:\/\/lafarandole.org\/wp-content\/uploads\/2025\/09\/IMG_20250513_1953262861.jpg\"><img loading=\"lazy\" decoding=\"async\" width=\"768\" height=\"1024\" data-id=\"3551\" src=\"https:\/\/lafarandole.org\/wp-content\/uploads\/2025\/09\/IMG_20250513_1953262861-768x1024.jpg\" alt=\"\" class=\"wp-image-3551\" srcset=\"https:\/\/lafarandole.org\/wp-content\/uploads\/2025\/09\/IMG_20250513_1953262861-768x1024.jpg 768w, https:\/\/lafarandole.org\/wp-content\/uploads\/2025\/09\/IMG_20250513_1953262861-225x300.jpg 225w, https:\/\/lafarandole.org\/wp-content\/uploads\/2025\/09\/IMG_20250513_1953262861-1152x1536.jpg 1152w, https:\/\/lafarandole.org\/wp-content\/uploads\/2025\/09\/IMG_20250513_1953262861-1536x2048.jpg 1536w, https:\/\/lafarandole.org\/wp-content\/uploads\/2025\/09\/IMG_20250513_1953262861.jpg 1560w\" sizes=\"auto, (max-width: 768px) 100vw, 768px\" \/><\/a><\/figure>\n<\/figure>\n\n\n\n<p>&nbsp;<\/p>\n\n\n\n<p class=\"has-text-align-center\"><span style=\"text-decoration: underline;\"><span style=\"color: #ff9900; text-decoration: underline;\">Saison 2017-2018<\/span><\/span><\/p>\n\n\n<div class=\"wp-block-image\">\n<figure class=\"aligncenter\"><img loading=\"lazy\" decoding=\"async\" width=\"1024\" height=\"570\" src=\"https:\/\/lafarandole.org\/wp-content\/uploads\/2015\/07\/poterie-enfants-1024x570.jpg\" alt=\"\" class=\"wp-image-2402\" srcset=\"https:\/\/lafarandole.org\/wp-content\/uploads\/2015\/07\/poterie-enfants-1024x570.jpg 1024w, https:\/\/lafarandole.org\/wp-content\/uploads\/2015\/07\/poterie-enfants-300x167.jpg 300w, https:\/\/lafarandole.org\/wp-content\/uploads\/2015\/07\/poterie-enfants-768x427.jpg 768w\" sizes=\"auto, (max-width: 1024px) 100vw, 1024px\" \/><\/figure>\n<\/div>\n\n\n<p class=\"has-text-align-center\"><\/p>\n\n\n\n<p class=\"has-text-align-center\"><span style=\"text-decoration: underline;\"><span style=\"color: #ff9900; text-decoration: underline;\">Saison 2016-2017<\/span><\/span><\/p>\n\n\n<div class=\"wp-block-image\">\n<figure class=\"aligncenter\"><a href=\"https:\/\/lafarandole.org\/wp-content\/uploads\/2015\/07\/Poterie-enfants.jpg\"><img loading=\"lazy\" decoding=\"async\" width=\"1024\" height=\"824\" src=\"https:\/\/lafarandole.org\/wp-content\/uploads\/2015\/07\/Poterie-enfants-1024x824.jpg\" alt=\"Poterie enfants\" class=\"wp-image-2192\" srcset=\"https:\/\/lafarandole.org\/wp-content\/uploads\/2015\/07\/Poterie-enfants-1024x824.jpg 1024w, https:\/\/lafarandole.org\/wp-content\/uploads\/2015\/07\/Poterie-enfants-300x241.jpg 300w\" sizes=\"auto, (max-width: 1024px) 100vw, 1024px\" \/><\/a><\/figure>\n<\/div>\n\n\n<p><\/p>\n\n\n<div class=\"wp-block-image\">\n<figure class=\"aligncenter\"><a href=\"https:\/\/lafarandole.org\/wp-content\/uploads\/2015\/07\/Poterie-adultes.jpg\"><img loading=\"lazy\" decoding=\"async\" width=\"1024\" height=\"820\" src=\"https:\/\/lafarandole.org\/wp-content\/uploads\/2015\/07\/Poterie-adultes-1024x820.jpg\" alt=\"Poterie adultes\" class=\"wp-image-2191\" srcset=\"https:\/\/lafarandole.org\/wp-content\/uploads\/2015\/07\/Poterie-adultes-1024x820.jpg 1024w, https:\/\/lafarandole.org\/wp-content\/uploads\/2015\/07\/Poterie-adultes-300x240.jpg 300w\" sizes=\"auto, (max-width: 1024px) 100vw, 1024px\" \/><\/a><\/figure>\n<\/div>\n\n\n<p class=\"has-text-align-center\"><\/p>\n\n\n\n<p class=\"has-text-align-center\"><span style=\"text-decoration: underline; color: #ff9900;\">Saison 2015-2016<\/span><\/p>\n\n\n<div class=\"wp-block-image\">\n<figure class=\"aligncenter\"><a href=\"https:\/\/lafarandole.org\/wp-content\/uploads\/2015\/07\/poterie-enfants-web.jpg\"><img loading=\"lazy\" decoding=\"async\" width=\"1024\" height=\"904\" src=\"https:\/\/lafarandole.org\/wp-content\/uploads\/2015\/07\/poterie-enfants-web-1024x904.jpg\" alt=\"poterie enfants web\" class=\"wp-image-1126\" srcset=\"https:\/\/lafarandole.org\/wp-content\/uploads\/2015\/07\/poterie-enfants-web-1024x904.jpg 1024w, https:\/\/lafarandole.org\/wp-content\/uploads\/2015\/07\/poterie-enfants-web-300x265.jpg 300w\" sizes=\"auto, (max-width: 1024px) 100vw, 1024px\" \/><\/a><\/figure>\n<\/div>\n\n\n<p><\/p>\n\n\n<div class=\"wp-block-image\">\n<figure class=\"aligncenter\"><a href=\"https:\/\/lafarandole.org\/wp-content\/uploads\/2015\/07\/poterie-adulte-web.jpg\"><img loading=\"lazy\" decoding=\"async\" width=\"1024\" height=\"773\" src=\"https:\/\/lafarandole.org\/wp-content\/uploads\/2015\/07\/poterie-adulte-web-1024x773.jpg\" alt=\"poterie adulte web\" class=\"wp-image-1125\" srcset=\"https:\/\/lafarandole.org\/wp-content\/uploads\/2015\/07\/poterie-adulte-web-1024x773.jpg 1024w, https:\/\/lafarandole.org\/wp-content\/uploads\/2015\/07\/poterie-adulte-web-300x227.jpg 300w, https:\/\/lafarandole.org\/wp-content\/uploads\/2015\/07\/poterie-adulte-web-285x214.jpg 285w\" sizes=\"auto, (max-width: 1024px) 100vw, 1024px\" \/><\/a><\/figure>\n<\/div>\n\n\n<p><\/p>\n\n\n\n<p class=\"has-text-align-center\"><span style=\"text-decoration: underline;\"><span style=\"color: #99cc00; text-decoration: underline;\">Poterie enfants<\/span><\/span><\/p>\n\n\n\n<figure class=\"wp-block-gallery has-nested-images columns-3 is-cropped wp-block-gallery-2 is-layout-flex wp-block-gallery-is-layout-flex\">\n<figure class=\"wp-block-image size-large\"><img loading=\"lazy\" decoding=\"async\" width=\"1024\" height=\"868\" data-id=\"1164\" src=\"https:\/\/lafarandole.org\/wp-content\/uploads\/2015\/07\/Amiti\u00e9-1024x868.jpg\" alt=\"\" class=\"wp-image-1164\" srcset=\"https:\/\/lafarandole.org\/wp-content\/uploads\/2015\/07\/Amiti\u00e9-1024x868.jpg 1024w, https:\/\/lafarandole.org\/wp-content\/uploads\/2015\/07\/Amiti\u00e9-300x254.jpg 300w, https:\/\/lafarandole.org\/wp-content\/uploads\/2015\/07\/Amiti\u00e9.jpg 1418w\" sizes=\"auto, (max-width: 1024px) 100vw, 1024px\" \/><\/figure>\n\n\n\n<figure class=\"wp-block-image size-large\"><img loading=\"lazy\" decoding=\"async\" width=\"1024\" height=\"751\" data-id=\"1166\" src=\"https:\/\/lafarandole.org\/wp-content\/uploads\/2015\/07\/chouette--1024x751.jpg\" alt=\"\" class=\"wp-image-1166\" srcset=\"https:\/\/lafarandole.org\/wp-content\/uploads\/2015\/07\/chouette--1024x751.jpg 1024w, https:\/\/lafarandole.org\/wp-content\/uploads\/2015\/07\/chouette--300x220.jpg 300w, https:\/\/lafarandole.org\/wp-content\/uploads\/2015\/07\/chouette-.jpg 1712w\" sizes=\"auto, (max-width: 1024px) 100vw, 1024px\" \/><\/figure>\n\n\n\n<figure class=\"wp-block-image size-large\"><img loading=\"lazy\" decoding=\"async\" width=\"897\" height=\"1024\" data-id=\"1167\" src=\"https:\/\/lafarandole.org\/wp-content\/uploads\/2015\/07\/four-897x1024.jpg\" alt=\"\" class=\"wp-image-1167\" srcset=\"https:\/\/lafarandole.org\/wp-content\/uploads\/2015\/07\/four-897x1024.jpg 897w, https:\/\/lafarandole.org\/wp-content\/uploads\/2015\/07\/four-263x300.jpg 263w, https:\/\/lafarandole.org\/wp-content\/uploads\/2015\/07\/four.jpg 1433w\" sizes=\"auto, (max-width: 897px) 100vw, 897px\" \/><\/figure>\n\n\n\n<figure class=\"wp-block-image size-large\"><img loading=\"lazy\" decoding=\"async\" width=\"666\" height=\"1024\" data-id=\"1169\" src=\"https:\/\/lafarandole.org\/wp-content\/uploads\/2015\/07\/jeune-fille-japonaise-666x1024.jpg\" alt=\"\" class=\"wp-image-1169\" srcset=\"https:\/\/lafarandole.org\/wp-content\/uploads\/2015\/07\/jeune-fille-japonaise-666x1024.jpg 666w, https:\/\/lafarandole.org\/wp-content\/uploads\/2015\/07\/jeune-fille-japonaise-195x300.jpg 195w, https:\/\/lafarandole.org\/wp-content\/uploads\/2015\/07\/jeune-fille-japonaise.jpg 674w\" sizes=\"auto, (max-width: 666px) 100vw, 666px\" \/><\/figure>\n\n\n\n<figure class=\"wp-block-image size-large\"><img loading=\"lazy\" decoding=\"async\" width=\"1024\" height=\"698\" data-id=\"1174\" src=\"https:\/\/lafarandole.org\/wp-content\/uploads\/2015\/07\/rafraichissant-1024x698.jpg\" alt=\"\" class=\"wp-image-1174\" srcset=\"https:\/\/lafarandole.org\/wp-content\/uploads\/2015\/07\/rafraichissant-1024x698.jpg 1024w, https:\/\/lafarandole.org\/wp-content\/uploads\/2015\/07\/rafraichissant-300x205.jpg 300w, https:\/\/lafarandole.org\/wp-content\/uploads\/2015\/07\/rafraichissant.jpg 1656w\" sizes=\"auto, (max-width: 1024px) 100vw, 1024px\" \/><\/figure>\n\n\n\n<figure class=\"wp-block-image size-large\"><img loading=\"lazy\" decoding=\"async\" width=\"699\" height=\"1024\" data-id=\"1171\" src=\"https:\/\/lafarandole.org\/wp-content\/uploads\/2015\/07\/photophore-\u00e0-la-rose-699x1024.jpg\" alt=\"\" class=\"wp-image-1171\" srcset=\"https:\/\/lafarandole.org\/wp-content\/uploads\/2015\/07\/photophore-\u00e0-la-rose-699x1024.jpg 699w, https:\/\/lafarandole.org\/wp-content\/uploads\/2015\/07\/photophore-\u00e0-la-rose-205x300.jpg 205w, https:\/\/lafarandole.org\/wp-content\/uploads\/2015\/07\/photophore-\u00e0-la-rose.jpg 1094w\" sizes=\"auto, (max-width: 699px) 100vw, 699px\" \/><\/figure>\n\n\n\n<figure class=\"wp-block-image size-large\"><img loading=\"lazy\" decoding=\"async\" width=\"1024\" height=\"729\" data-id=\"1170\" src=\"https:\/\/lafarandole.org\/wp-content\/uploads\/2015\/07\/mignon--1024x729.jpg\" alt=\"\" class=\"wp-image-1170\" srcset=\"https:\/\/lafarandole.org\/wp-content\/uploads\/2015\/07\/mignon--1024x729.jpg 1024w, https:\/\/lafarandole.org\/wp-content\/uploads\/2015\/07\/mignon--300x214.jpg 300w, https:\/\/lafarandole.org\/wp-content\/uploads\/2015\/07\/mignon-.jpg 1866w\" sizes=\"auto, (max-width: 1024px) 100vw, 1024px\" \/><\/figure>\n<\/figure>\n\n\n\n<p class=\"has-text-align-center\"><span style=\"text-decoration: underline;\"><span style=\"color: #99cc00; text-decoration: underline;\">Poterie Adulte<\/span><\/span><\/p>\n\n\n\n<figure class=\"wp-block-gallery has-nested-images columns-3 is-cropped wp-block-gallery-3 is-layout-flex wp-block-gallery-is-layout-flex\">\n<figure class=\"wp-block-image size-large\"><img loading=\"lazy\" decoding=\"async\" width=\"1024\" height=\"768\" data-id=\"1168\" src=\"https:\/\/lafarandole.org\/wp-content\/uploads\/2015\/07\/IMG_1363-1024x768.jpg\" alt=\"\" class=\"wp-image-1168\" srcset=\"https:\/\/lafarandole.org\/wp-content\/uploads\/2015\/07\/IMG_1363-1024x768.jpg 1024w, https:\/\/lafarandole.org\/wp-content\/uploads\/2015\/07\/IMG_1363-300x225.jpg 300w, https:\/\/lafarandole.org\/wp-content\/uploads\/2015\/07\/IMG_1363-285x214.jpg 285w\" sizes=\"auto, (max-width: 1024px) 100vw, 1024px\" \/><\/figure>\n\n\n\n<figure class=\"wp-block-image size-large\"><img loading=\"lazy\" decoding=\"async\" width=\"804\" height=\"1024\" data-id=\"1165\" src=\"https:\/\/lafarandole.org\/wp-content\/uploads\/2015\/07\/bro-oiseau-804x1024.jpg\" alt=\"\" class=\"wp-image-1165\" srcset=\"https:\/\/lafarandole.org\/wp-content\/uploads\/2015\/07\/bro-oiseau-804x1024.jpg 804w, https:\/\/lafarandole.org\/wp-content\/uploads\/2015\/07\/bro-oiseau-235x300.jpg 235w, https:\/\/lafarandole.org\/wp-content\/uploads\/2015\/07\/bro-oiseau.jpg 1920w\" sizes=\"auto, (max-width: 804px) 100vw, 804px\" \/><\/figure>\n\n\n\n<figure class=\"wp-block-image size-large\"><img loading=\"lazy\" decoding=\"async\" width=\"1024\" height=\"494\" data-id=\"1173\" src=\"https:\/\/lafarandole.org\/wp-content\/uploads\/2015\/07\/plateau-1024x494.jpg\" alt=\"\" class=\"wp-image-1173\" srcset=\"https:\/\/lafarandole.org\/wp-content\/uploads\/2015\/07\/plateau-1024x494.jpg 1024w, https:\/\/lafarandole.org\/wp-content\/uploads\/2015\/07\/plateau-300x145.jpg 300w\" sizes=\"auto, (max-width: 1024px) 100vw, 1024px\" \/><\/figure>\n\n\n\n<figure class=\"wp-block-image size-large\"><img loading=\"lazy\" decoding=\"async\" width=\"1024\" height=\"675\" data-id=\"1172\" src=\"https:\/\/lafarandole.org\/wp-content\/uploads\/2015\/07\/plat-1024x675.jpg\" alt=\"\" class=\"wp-image-1172\" srcset=\"https:\/\/lafarandole.org\/wp-content\/uploads\/2015\/07\/plat-1024x675.jpg 1024w, https:\/\/lafarandole.org\/wp-content\/uploads\/2015\/07\/plat-300x198.jpg 300w\" sizes=\"auto, (max-width: 1024px) 100vw, 1024px\" \/><\/figure>\n<\/figure>\n\n\n\n<p class=\"has-text-align-center\"><span style=\"text-decoration: underline;\"><span style=\"color: #99cc00; text-decoration: underline;\">&nbsp;<\/span><\/span><\/p>\n","protected":false},"excerpt":{"rendered":"<p>&nbsp;&nbsp;&nbsp;&nbsp;&nbsp;&nbsp;&nbsp;&nbsp;&nbsp;&nbsp;&nbsp;&nbsp;&nbsp;&nbsp;&nbsp;&nbsp;&nbsp;&nbsp;&nbsp;&nbsp;&nbsp;&nbsp;&nbsp; Sommaire : &nbsp; \u00a0 Pr\u00e9sentation de l&rsquo;activit\u00e9 Cr\u00e9er, modeler, fa\u00e7onner, passer de l\u2019imaginaire \u00e0 la mati\u00e8re les mains dans la terre, c\u2019est ce que vous \u00eates invit\u00e9(e)s \u00e0 faire au cours de poterie, que vous soyez d\u00e9butant, amateur ou fin connaisseur. Argile fournie dans la limite fix\u00e9e par l\u2019Association Professeur &#8211; horaire &#8211; Tarif <a href=\"https:\/\/lafarandole.org\/?page_id=30\" rel=\"nofollow\"><span class=\"sr-only\">En savoir plus surPoterie<\/span>[&hellip;]<\/a><\/p>\n","protected":false},"author":5,"featured_media":0,"parent":439,"menu_order":0,"comment_status":"open","ping_status":"open","template":"template-fullwidth.php","meta":{"ngg_post_thumbnail":0,"footnotes":""},"class_list":["post-30","page","type-page","status-publish","hentry"],"_links":{"self":[{"href":"https:\/\/lafarandole.org\/index.php?rest_route=\/wp\/v2\/pages\/30","targetHints":{"allow":["GET"]}}],"collection":[{"href":"https:\/\/lafarandole.org\/index.php?rest_route=\/wp\/v2\/pages"}],"about":[{"href":"https:\/\/lafarandole.org\/index.php?rest_route=\/wp\/v2\/types\/page"}],"author":[{"embeddable":true,"href":"https:\/\/lafarandole.org\/index.php?rest_route=\/wp\/v2\/users\/5"}],"replies":[{"embeddable":true,"href":"https:\/\/lafarandole.org\/index.php?rest_route=%2Fwp%2Fv2%2Fcomments&post=30"}],"version-history":[{"count":33,"href":"https:\/\/lafarandole.org\/index.php?rest_route=\/wp\/v2\/pages\/30\/revisions"}],"predecessor-version":[{"id":3598,"href":"https:\/\/lafarandole.org\/index.php?rest_route=\/wp\/v2\/pages\/30\/revisions\/3598"}],"up":[{"embeddable":true,"href":"https:\/\/lafarandole.org\/index.php?rest_route=\/wp\/v2\/pages\/439"}],"wp:attachment":[{"href":"https:\/\/lafarandole.org\/index.php?rest_route=%2Fwp%2Fv2%2Fmedia&parent=30"}],"curies":[{"name":"wp","href":"https:\/\/api.w.org\/{rel}","templated":true}]}}