{"id":3081,"date":"2022-09-11T17:49:14","date_gmt":"2022-09-11T15:49:14","guid":{"rendered":"http:\/\/lafarandole.org\/?page_id=3081"},"modified":"2025-08-21T12:09:58","modified_gmt":"2025-08-21T10:09:58","slug":"danse-modern-jazz","status":"publish","type":"page","link":"https:\/\/lafarandole.org\/?page_id=3081","title":{"rendered":"Danse Modern-Jazz"},"content":{"rendered":"\n<h3 class=\"wp-block-heading\" id=\"sommaire_1\">Pr\u00e9sentation de l&rsquo;activit\u00e9<\/h3>\n\n\n\n<p>Prise de conscience du corps dans l&rsquo;espace, d\u00e9veloppement des capacit\u00e9s expressives et cr\u00e9atives \u00e0 travers des chor\u00e9graphies et la relation du corps et de la musique. Chassons les id\u00e9es re\u00e7ues, tout le monde peut danser, souple ou pas.<\/p>\n\n\n\n<p><br>11 adh\u00e9rents minimum<\/p>\n\n\n\n<p>Professeure : AGNES MERLIN<br>Cours le VENDREDI<br><br><strong>4\/6 ans<\/strong> de 17h \u00e0 17h45 (\u00e9veil \u00e0 la danse) &#8211; <em>12 enfants maximum<\/em> <em>&#8211;<\/em> Tarif 140\u20ac\/an <br><strong>7\/13 ans<\/strong> de 18h \u00e0 19h <em>&#8211; 15 enfants maximum &#8211;<\/em> Tarif 160\u20ac\/an<br><br><strong>14 ans et plus<\/strong> de 20h \u00e0 21h15 &#8211; Tarif 180\u20ac\/an<br><br>Lieu : Salle verte \/ d&rsquo;activit\u00e9<\/p>\n\n\n\n<p><strong>1er cours vendredi 12 septembre 2025<\/strong><\/p>\n","protected":false},"excerpt":{"rendered":"<p>Pr\u00e9sentation de l&rsquo;activit\u00e9 Prise de conscience du corps dans l&rsquo;espace, d\u00e9veloppement des capacit\u00e9s expressives et cr\u00e9atives \u00e0 travers des chor\u00e9graphies et la relation du corps et de la musique. Chassons les id\u00e9es re\u00e7ues, tout le monde peut danser, souple ou pas. 11 adh\u00e9rents minimum Professeure : AGNES MERLINCours le VENDREDI 4\/6 ans de 17h \u00e0 <a href=\"https:\/\/lafarandole.org\/?page_id=3081\" rel=\"nofollow\"><span class=\"sr-only\">En savoir plus surDanse Modern-Jazz<\/span>[&hellip;]<\/a><\/p>\n","protected":false},"author":5,"featured_media":0,"parent":0,"menu_order":0,"comment_status":"closed","ping_status":"closed","template":"","meta":{"ngg_post_thumbnail":0,"footnotes":""},"class_list":["post-3081","page","type-page","status-publish","hentry"],"_links":{"self":[{"href":"https:\/\/lafarandole.org\/index.php?rest_route=\/wp\/v2\/pages\/3081","targetHints":{"allow":["GET"]}}],"collection":[{"href":"https:\/\/lafarandole.org\/index.php?rest_route=\/wp\/v2\/pages"}],"about":[{"href":"https:\/\/lafarandole.org\/index.php?rest_route=\/wp\/v2\/types\/page"}],"author":[{"embeddable":true,"href":"https:\/\/lafarandole.org\/index.php?rest_route=\/wp\/v2\/users\/5"}],"replies":[{"embeddable":true,"href":"https:\/\/lafarandole.org\/index.php?rest_route=%2Fwp%2Fv2%2Fcomments&post=3081"}],"version-history":[{"count":8,"href":"https:\/\/lafarandole.org\/index.php?rest_route=\/wp\/v2\/pages\/3081\/revisions"}],"predecessor-version":[{"id":3496,"href":"https:\/\/lafarandole.org\/index.php?rest_route=\/wp\/v2\/pages\/3081\/revisions\/3496"}],"wp:attachment":[{"href":"https:\/\/lafarandole.org\/index.php?rest_route=%2Fwp%2Fv2%2Fmedia&parent=3081"}],"curies":[{"name":"wp","href":"https:\/\/api.w.org\/{rel}","templated":true}]}}