{"id":3094,"date":"2022-12-01T19:01:04","date_gmt":"2022-12-01T17:01:04","guid":{"rendered":"http:\/\/lafarandole.org\/?page_id=3094"},"modified":"2025-08-21T14:29:28","modified_gmt":"2025-08-21T12:29:28","slug":"la-farandole","status":"publish","type":"page","link":"https:\/\/lafarandole.org\/","title":{"rendered":"LA FARANDOLE \u00c0 SAINT-JUST D&rsquo;AVRAY"},"content":{"rendered":"\n<figure class=\"wp-block-image size-large is-resized\"><img decoding=\"async\" src=\"https:\/\/lafarandole.org\/wp-content\/uploads\/2021\/09\/Logo-termine-.png\" alt=\"\" style=\"width:192px;height:193px\"\/><\/figure>\n\n\n\n<h2 class=\"wp-block-heading\"><em><mark style=\"background-color:rgba(0, 0, 0, 0)\" class=\"has-inline-color has-luminous-vivid-orange-color\">Association sportive et culturelle <\/mark><\/em><\/h2>\n\n\n\n<figure class=\"wp-block-image size-large\"><img decoding=\"async\" src=\"https:\/\/lafarandole.org\/wp-content\/uploads\/2023\/07\/Saint-Just-dAvray.jpg\" alt=\"\"\/><figcaption class=\"wp-element-caption\">Village de Saint-Just d&rsquo;Avray 69870<\/figcaption><\/figure>\n\n\n\n<h3 class=\"wp-block-heading\"><mark style=\"background-color:rgba(0, 0, 0, 0)\" class=\"has-inline-color has-vivid-red-color\"><\/mark><\/h3>\n\n\n\n<p class=\"has-black-color has-text-color\">Depuis sa cr\u00e9ation en 1997, l\u2019association La Farandole, propose des activit\u00e9s artistiques, culturelles, \u00e9ducatives et sportives touchant toutes les tranches d\u2019\u00e2ge. Elle permet aux habitants de Saint-Just d\u2019Avray et des villages des environs, de pratiquer des activit\u00e9s dans un p\u00e9rim\u00e8tre proche de leur domicile.<br><br>A travers nos activit\u00e9s, nous cr\u00e9ons du dynamisme dans notre village et renfor\u00e7ons les liens sociaux et familiaux en favorisant la rencontre des habitants de Saint Just d\u2019Avray et des villages des environs.<br><br>Nous proposons une <mark style=\"background-color:rgba(0, 0, 0, 0)\" class=\"has-inline-color has-black-color\">vaste gamme d&rsquo;activit\u00e9s<\/mark>, <strong><mark style=\"background-color:rgba(0, 0, 0, 0)\" class=\"has-inline-color has-vivid-cyan-blue-color\">pour tous les \u00e2ges des b\u00e9b\u00e9s aux seniors<\/mark><\/strong>, dans des domaines vari\u00e9s.<\/p>\n\n\n\n<p>Les activit\u00e9s sont pratiqu\u00e9es au rythme des p\u00e9riodes scolaires, il n\u2019y a donc aucune activit\u00e9 pendant les vacances scolaires.<br><br>Nous proposons des tarifs raisonnables, une remise pour les foyers pratiquant plusieurs activit\u00e9s, une inscription au prorata, un paiement \u00e9chelonn\u00e9. Cela est possible gr\u00e2ce aux professeurs de qualit\u00e9 qui contribuent \u00e0 la fid\u00e9lisation de nos adh\u00e9rents, aux activit\u00e9s propos\u00e9es qui r\u00e9pondent aux besoins des habitants du village, aux professeurs b\u00e9n\u00e9voles, \u00e0 l\u2019aide de la mairie qui met gracieusement ses locaux \u00e0 disposition.<br><\/p>\n\n\n\n<div class=\"wp-block-group\"><div class=\"wp-block-group__inner-container is-layout-constrained wp-block-group-is-layout-constrained\"><\/div><\/div>\n\n\n\n<p><\/p>\n","protected":false},"excerpt":{"rendered":"<p>Association sportive et culturelle Depuis sa cr\u00e9ation en 1997, l\u2019association La Farandole, propose des activit\u00e9s artistiques, culturelles, \u00e9ducatives et sportives touchant toutes les tranches d\u2019\u00e2ge. Elle permet aux habitants de Saint-Just d\u2019Avray et des villages des environs, de pratiquer des activit\u00e9s dans un p\u00e9rim\u00e8tre proche de leur domicile. A travers nos activit\u00e9s, nous cr\u00e9ons du <a href=\"https:\/\/lafarandole.org\/\" rel=\"nofollow\"><span class=\"sr-only\">En savoir plus surLA FARANDOLE \u00c0 SAINT-JUST D&rsquo;AVRAY<\/span>[&hellip;]<\/a><\/p>\n","protected":false},"author":5,"featured_media":0,"parent":0,"menu_order":0,"comment_status":"closed","ping_status":"closed","template":"","meta":{"ngg_post_thumbnail":0,"footnotes":""},"class_list":["post-3094","page","type-page","status-publish","hentry"],"_links":{"self":[{"href":"https:\/\/lafarandole.org\/index.php?rest_route=\/wp\/v2\/pages\/3094","targetHints":{"allow":["GET"]}}],"collection":[{"href":"https:\/\/lafarandole.org\/index.php?rest_route=\/wp\/v2\/pages"}],"about":[{"href":"https:\/\/lafarandole.org\/index.php?rest_route=\/wp\/v2\/types\/page"}],"author":[{"embeddable":true,"href":"https:\/\/lafarandole.org\/index.php?rest_route=\/wp\/v2\/users\/5"}],"replies":[{"embeddable":true,"href":"https:\/\/lafarandole.org\/index.php?rest_route=%2Fwp%2Fv2%2Fcomments&post=3094"}],"version-history":[{"count":34,"href":"https:\/\/lafarandole.org\/index.php?rest_route=\/wp\/v2\/pages\/3094\/revisions"}],"predecessor-version":[{"id":3519,"href":"https:\/\/lafarandole.org\/index.php?rest_route=\/wp\/v2\/pages\/3094\/revisions\/3519"}],"wp:attachment":[{"href":"https:\/\/lafarandole.org\/index.php?rest_route=%2Fwp%2Fv2%2Fmedia&parent=3094"}],"curies":[{"name":"wp","href":"https:\/\/api.w.org\/{rel}","templated":true}]}}