{"id":3273,"date":"2025-01-18T22:56:37","date_gmt":"2025-01-18T20:56:37","guid":{"rendered":"https:\/\/lafarandole.org\/?page_id=3273"},"modified":"2025-08-21T11:53:25","modified_gmt":"2025-08-21T09:53:25","slug":"couture","status":"publish","type":"page","link":"https:\/\/lafarandole.org\/?page_id=3273","title":{"rendered":"COUTURE"},"content":{"rendered":"\n<p class=\"has-text-align-left\">Apprenez \u00e0 coudre \u00e0 la main ou \u00e0 la machine. Faites-vous accompagner dans vos projets de couture par Axelle, couturi\u00e8re. Si vous le souhaitez, Axelle vous propose \u00e9galement des ateliers ponctuels, pour confectionner des objets Z\u00e9ro d\u00e9chet, en fonction de vos envies et adapt\u00e9s \u00e0 votre niveau de couture. Machine non fournie, ni rallonge, ni multiprise. Fourniture de tissu possible avec suppl\u00e9ment.<\/p>\n\n\n\n<p class=\"has-text-align-left\">Possibilit\u00e9 d\u2019accueillir dans le groupe 2 Enfants \u00e0 partir de 12 ans, sous r\u00e9serve qu\u2019ils<br>\u00e9coutent bien les consignes de s\u00e9curit\u00e9. <\/p>\n\n\n\n<p class=\"has-text-align-left\"><br><mark style=\"background-color:rgba(0, 0, 0, 0)\" class=\"has-inline-color has-vivid-red-color\">1er cours Jeudi 11 septembre 2025<\/mark><\/p>\n\n\n\n<p>Professeur : Axelle CHALANDRE<\/p>\n\n\n\n<p>Couture Ateliers 17 s\u00e9ances 125 \u20ac Les Jeudis de 18h-20h \u00e0 la Salle Valenciennes 1 semaine sur 2.<br><\/p>\n\n\n\n<p><\/p>\n\n\n\n<p><\/p>\n\n\n\n<p><\/p>\n\n\n\n<p><\/p>\n","protected":false},"excerpt":{"rendered":"<p>Apprenez \u00e0 coudre \u00e0 la main ou \u00e0 la machine. Faites-vous accompagner dans vos projets de couture par Axelle, couturi\u00e8re. Si vous le souhaitez, Axelle vous propose \u00e9galement des ateliers ponctuels, pour confectionner des objets Z\u00e9ro d\u00e9chet, en fonction de vos envies et adapt\u00e9s \u00e0 votre niveau de couture. Machine non fournie, ni rallonge, ni <a href=\"https:\/\/lafarandole.org\/?page_id=3273\" rel=\"nofollow\"><span class=\"sr-only\">En savoir plus surCOUTURE<\/span>[&hellip;]<\/a><\/p>\n","protected":false},"author":5,"featured_media":0,"parent":3262,"menu_order":0,"comment_status":"closed","ping_status":"closed","template":"template-fullwidth.php","meta":{"ngg_post_thumbnail":0,"footnotes":""},"class_list":["post-3273","page","type-page","status-publish","hentry"],"_links":{"self":[{"href":"https:\/\/lafarandole.org\/index.php?rest_route=\/wp\/v2\/pages\/3273","targetHints":{"allow":["GET"]}}],"collection":[{"href":"https:\/\/lafarandole.org\/index.php?rest_route=\/wp\/v2\/pages"}],"about":[{"href":"https:\/\/lafarandole.org\/index.php?rest_route=\/wp\/v2\/types\/page"}],"author":[{"embeddable":true,"href":"https:\/\/lafarandole.org\/index.php?rest_route=\/wp\/v2\/users\/5"}],"replies":[{"embeddable":true,"href":"https:\/\/lafarandole.org\/index.php?rest_route=%2Fwp%2Fv2%2Fcomments&post=3273"}],"version-history":[{"count":4,"href":"https:\/\/lafarandole.org\/index.php?rest_route=\/wp\/v2\/pages\/3273\/revisions"}],"predecessor-version":[{"id":3489,"href":"https:\/\/lafarandole.org\/index.php?rest_route=\/wp\/v2\/pages\/3273\/revisions\/3489"}],"up":[{"embeddable":true,"href":"https:\/\/lafarandole.org\/index.php?rest_route=\/wp\/v2\/pages\/3262"}],"wp:attachment":[{"href":"https:\/\/lafarandole.org\/index.php?rest_route=%2Fwp%2Fv2%2Fmedia&parent=3273"}],"curies":[{"name":"wp","href":"https:\/\/api.w.org\/{rel}","templated":true}]}}