{"id":3287,"date":"2025-01-18T23:15:21","date_gmt":"2025-01-18T21:15:21","guid":{"rendered":"https:\/\/lafarandole.org\/?page_id=3287"},"modified":"2025-08-21T10:39:18","modified_gmt":"2025-08-21T08:39:18","slug":"theatre","status":"publish","type":"page","link":"https:\/\/lafarandole.org\/?page_id=3287","title":{"rendered":"THEATRE"},"content":{"rendered":"\n<p>Th\u00e9\u00e2tre 17 s\u00e9ances<\/p>\n\n\n\n<p>Atelier ouvert aux Enfants et Adultes<br>Professeur : \u00c9tienne GIRAUD <\/p>\n\n\n\n<p>Tarif : 80 \u20ac Enfants (- de 13 ans)  \/ 160 \u20ac Ados\/Adultes<\/p>\n\n\n\n<p><br>Salle d\u2019activit\u00e9 Parquet Jeudi 19h00-21h00 <\/p>\n\n\n\n<p><br>Le Th\u00e9\u00e2tre, sous toutes ses formes, c\u2019est d\u00e9couvrir et d\u00e9velopper le travail collectif, l\u2019attention au moment, nos capacit\u00e9s et limites physiques ; c\u2019est d\u00e9couvrir le nerf du spectacle : le public ! C\u2019est d\u00e9velopper la confiance en les autres et prendre de l\u2019assurance ; c\u2019est entrer dans un monde de magie, d\u2019aventures et d\u2019histoires.<\/p>\n\n\n\n<p>Mais c\u2019est surtout et bien souvent un grand moment de d\u00e9tente et de divertissement ! Le cours se d\u00e9roulera en 2 temps : durant la premi\u00e8re heure seront pratiqu\u00e9s, tous ensemble, les exercices propres \u00e0 l\u2019art th\u00e9\u00e2tral ; lors d\u2019une pause m\u00e9diane, les Enfants seront invit\u00e9s \u00e0 devenir spectateurs (ou pourront rentrer dans leur famille accompagn\u00e9s de leurs Parents) ; durant la derni\u00e8re partie du cours, sera pratiqu\u00e9 avec les Adolescents et les Adultes un travail th\u00e9\u00e2tral plus \u00e9labor\u00e9. Un spectacle sur sc\u00e8ne sera propos\u00e9 lors du T\u00e9l\u00e9thon 2026.<\/p>\n\n\n\n<p>En vue de ces spectacles, 2 samedis de r\u00e9p\u00e9tition seront programm\u00e9s en novembre et en mai.<\/p>\n\n\n\n<p><br>1er cours enfants Jeudi 11 septembre<\/p>\n\n\n\n<p>1er cours ados \/ adultes Jeudi 18 septembre<\/p>\n\n\n\n<p><\/p>\n\n\n\n<p><\/p>\n","protected":false},"excerpt":{"rendered":"<p>Th\u00e9\u00e2tre 17 s\u00e9ances Atelier ouvert aux Enfants et AdultesProfesseur : \u00c9tienne GIRAUD Tarif : 80 \u20ac Enfants (- de 13 ans) \/ 160 \u20ac Ados\/Adultes Salle d\u2019activit\u00e9 Parquet Jeudi 19h00-21h00 Le Th\u00e9\u00e2tre, sous toutes ses formes, c\u2019est d\u00e9couvrir et d\u00e9velopper le travail collectif, l\u2019attention au moment, nos capacit\u00e9s et limites physiques ; c\u2019est d\u00e9couvrir le <a href=\"https:\/\/lafarandole.org\/?page_id=3287\" rel=\"nofollow\"><span class=\"sr-only\">En savoir plus surTHEATRE<\/span>[&hellip;]<\/a><\/p>\n","protected":false},"author":5,"featured_media":0,"parent":3262,"menu_order":0,"comment_status":"closed","ping_status":"closed","template":"template-fullwidth.php","meta":{"ngg_post_thumbnail":0,"footnotes":""},"class_list":["post-3287","page","type-page","status-publish","hentry"],"_links":{"self":[{"href":"https:\/\/lafarandole.org\/index.php?rest_route=\/wp\/v2\/pages\/3287","targetHints":{"allow":["GET"]}}],"collection":[{"href":"https:\/\/lafarandole.org\/index.php?rest_route=\/wp\/v2\/pages"}],"about":[{"href":"https:\/\/lafarandole.org\/index.php?rest_route=\/wp\/v2\/types\/page"}],"author":[{"embeddable":true,"href":"https:\/\/lafarandole.org\/index.php?rest_route=\/wp\/v2\/users\/5"}],"replies":[{"embeddable":true,"href":"https:\/\/lafarandole.org\/index.php?rest_route=%2Fwp%2Fv2%2Fcomments&post=3287"}],"version-history":[{"count":6,"href":"https:\/\/lafarandole.org\/index.php?rest_route=\/wp\/v2\/pages\/3287\/revisions"}],"predecessor-version":[{"id":3468,"href":"https:\/\/lafarandole.org\/index.php?rest_route=\/wp\/v2\/pages\/3287\/revisions\/3468"}],"up":[{"embeddable":true,"href":"https:\/\/lafarandole.org\/index.php?rest_route=\/wp\/v2\/pages\/3262"}],"wp:attachment":[{"href":"https:\/\/lafarandole.org\/index.php?rest_route=%2Fwp%2Fv2%2Fmedia&parent=3287"}],"curies":[{"name":"wp","href":"https:\/\/api.w.org\/{rel}","templated":true}]}}