{"id":3448,"date":"2025-07-03T11:30:31","date_gmt":"2025-07-03T09:30:31","guid":{"rendered":"https:\/\/lafarandole.org\/?page_id=3448"},"modified":"2025-07-03T11:31:04","modified_gmt":"2025-07-03T09:31:04","slug":"informations-legales","status":"publish","type":"page","link":"https:\/\/lafarandole.org\/?page_id=3448","title":{"rendered":"Informations L\u00e9gales"},"content":{"rendered":"\n<p>Vous trouverez ci-dessous les documents officiels qui r\u00e9gissent notre association et pr\u00e9cisent son fonctionnement.<\/p>\n\n\n\n<p><strong>Statuts de l&rsquo;Association<\/strong> <\/p>\n\n\n\n<p>Les statuts d\u00e9finissent le cadre juridique de notre association, son objet et son mode d&rsquo;organisation. <br><a href=\"https:\/\/lafarandole.org\/wp-content\/uploads\/2025\/07\/Statut-16-09-2023.pdf\">T\u00e9l\u00e9charger les Statuts<\/a><\/p>\n\n\n\n<p><\/p>\n\n\n\n<p><strong>R\u00e8glement Int\u00e9rieur<\/strong> <\/p>\n\n\n\n<p>Le r\u00e8glement int\u00e9rieur compl\u00e8te les statuts en d\u00e9taillant les r\u00e8gles de vie et de fonctionnement internes de l&rsquo;association.<br><a href=\"https:\/\/lafarandole.org\/wp-content\/uploads\/2025\/07\/REGLEMENT-INTERIEUR-FARANDOLE_29-06-2025.pdf\">T\u00e9l\u00e9charger le R\u00e8glement Int\u00e9rieur<\/a><\/p>\n\n\n\n<p>Pour toute question, n&rsquo;h\u00e9sitez pas \u00e0 nous contacter.<\/p>\n\n\n\n<p><\/p>\n","protected":false},"excerpt":{"rendered":"<p>Vous trouverez ci-dessous les documents officiels qui r\u00e9gissent notre association et pr\u00e9cisent son fonctionnement. Statuts de l&rsquo;Association Les statuts d\u00e9finissent le cadre juridique de notre association, son objet et son mode d&rsquo;organisation. T\u00e9l\u00e9charger les Statuts R\u00e8glement Int\u00e9rieur Le r\u00e8glement int\u00e9rieur compl\u00e8te les statuts en d\u00e9taillant les r\u00e8gles de vie et de fonctionnement internes de l&rsquo;association.T\u00e9l\u00e9charger <a href=\"https:\/\/lafarandole.org\/?page_id=3448\" rel=\"nofollow\"><span class=\"sr-only\">En savoir plus surInformations L\u00e9gales<\/span>[&hellip;]<\/a><\/p>\n","protected":false},"author":1,"featured_media":0,"parent":0,"menu_order":0,"comment_status":"closed","ping_status":"closed","template":"","meta":{"ngg_post_thumbnail":0,"footnotes":""},"class_list":["post-3448","page","type-page","status-publish","hentry"],"_links":{"self":[{"href":"https:\/\/lafarandole.org\/index.php?rest_route=\/wp\/v2\/pages\/3448","targetHints":{"allow":["GET"]}}],"collection":[{"href":"https:\/\/lafarandole.org\/index.php?rest_route=\/wp\/v2\/pages"}],"about":[{"href":"https:\/\/lafarandole.org\/index.php?rest_route=\/wp\/v2\/types\/page"}],"author":[{"embeddable":true,"href":"https:\/\/lafarandole.org\/index.php?rest_route=\/wp\/v2\/users\/1"}],"replies":[{"embeddable":true,"href":"https:\/\/lafarandole.org\/index.php?rest_route=%2Fwp%2Fv2%2Fcomments&post=3448"}],"version-history":[{"count":2,"href":"https:\/\/lafarandole.org\/index.php?rest_route=\/wp\/v2\/pages\/3448\/revisions"}],"predecessor-version":[{"id":3452,"href":"https:\/\/lafarandole.org\/index.php?rest_route=\/wp\/v2\/pages\/3448\/revisions\/3452"}],"wp:attachment":[{"href":"https:\/\/lafarandole.org\/index.php?rest_route=%2Fwp%2Fv2%2Fmedia&parent=3448"}],"curies":[{"name":"wp","href":"https:\/\/api.w.org\/{rel}","templated":true}]}}