{"id":3461,"date":"2025-08-21T11:12:47","date_gmt":"2025-08-21T09:12:47","guid":{"rendered":"https:\/\/lafarandole.org\/?page_id=3461"},"modified":"2025-08-21T11:12:47","modified_gmt":"2025-08-21T09:12:47","slug":"scrapbooking","status":"publish","type":"page","link":"https:\/\/lafarandole.org\/?page_id=3461","title":{"rendered":"SCRAPBOOKING"},"content":{"rendered":"\n<h3 class=\"wp-block-heading\" id=\"sommaire_1\">Pr\u00e9sentation de l&rsquo;activit\u00e9<\/h3>\n\n\n\n<p>Le scrapbooking est un loisir cr\u00e9atif qui consiste \u00e0 d\u00e9corer une carte, un album photo ou une d\u00e9coration avec diverses techniques et objets (papier, ruban, tampons, image, photos, strass \u2026) pour des \u00e9v\u00e8nements important.<br>8 adh\u00e9rents maximum<\/p>\n\n\n\n<p>Professeure : C\u00e9cile Besson<br>Cours le JEUDI 1 semaine sur 2 de 17h30\u00e0 19h30<\/p>\n\n\n\n<p>Tarif : 160\u20ac \/ an<br>Lieu : Salle Valenciennes<\/p>\n\n\n\n<p><strong>1er cours jeudi 18 septembre 2025<\/strong><\/p>\n","protected":false},"excerpt":{"rendered":"<p>Pr\u00e9sentation de l&rsquo;activit\u00e9 Le scrapbooking est un loisir cr\u00e9atif qui consiste \u00e0 d\u00e9corer une carte, un album photo ou une d\u00e9coration avec diverses techniques et objets (papier, ruban, tampons, image, photos, strass \u2026) pour des \u00e9v\u00e8nements important.8 adh\u00e9rents maximum Professeure : C\u00e9cile BessonCours le JEUDI 1 semaine sur 2 de 17h30\u00e0 19h30 Tarif : 160\u20ac <a href=\"https:\/\/lafarandole.org\/?page_id=3461\" rel=\"nofollow\"><span class=\"sr-only\">En savoir plus surSCRAPBOOKING<\/span>[&hellip;]<\/a><\/p>\n","protected":false},"author":5,"featured_media":0,"parent":0,"menu_order":0,"comment_status":"closed","ping_status":"closed","template":"","meta":{"ngg_post_thumbnail":0,"footnotes":""},"class_list":["post-3461","page","type-page","status-publish","hentry"],"_links":{"self":[{"href":"https:\/\/lafarandole.org\/index.php?rest_route=\/wp\/v2\/pages\/3461","targetHints":{"allow":["GET"]}}],"collection":[{"href":"https:\/\/lafarandole.org\/index.php?rest_route=\/wp\/v2\/pages"}],"about":[{"href":"https:\/\/lafarandole.org\/index.php?rest_route=\/wp\/v2\/types\/page"}],"author":[{"embeddable":true,"href":"https:\/\/lafarandole.org\/index.php?rest_route=\/wp\/v2\/users\/5"}],"replies":[{"embeddable":true,"href":"https:\/\/lafarandole.org\/index.php?rest_route=%2Fwp%2Fv2%2Fcomments&post=3461"}],"version-history":[{"count":2,"href":"https:\/\/lafarandole.org\/index.php?rest_route=\/wp\/v2\/pages\/3461\/revisions"}],"predecessor-version":[{"id":3481,"href":"https:\/\/lafarandole.org\/index.php?rest_route=\/wp\/v2\/pages\/3461\/revisions\/3481"}],"wp:attachment":[{"href":"https:\/\/lafarandole.org\/index.php?rest_route=%2Fwp%2Fv2%2Fmedia&parent=3461"}],"curies":[{"name":"wp","href":"https:\/\/api.w.org\/{rel}","templated":true}]}}