{"id":3541,"date":"2025-08-25T10:35:20","date_gmt":"2025-08-25T08:35:20","guid":{"rendered":"https:\/\/lafarandole.org\/?page_id=3541"},"modified":"2025-08-25T10:35:20","modified_gmt":"2025-08-25T08:35:20","slug":"yoga-senior-sur-chaise","status":"publish","type":"page","link":"https:\/\/lafarandole.org\/?page_id=3541","title":{"rendered":"YOGA SENIOR \/ SUR CHAISE"},"content":{"rendered":"\n<p>Travail de l&rsquo;ensemble des articulations du corps, tout en douceur. Id\u00e9al pour lutter contre la s\u00e9dentarit\u00e9 en prenant soin de son corps et de son esprit par la mobilit\u00e9 et la d\u00e9tente.<\/p>\n\n\n\n<p>Ce yoga ce pratique sur une chaise ou sur un tapis.<\/p>\n\n\n\n<p>Cours : le vendredi de 9h30 \u00e0 10h30 <br>Tarif : 180\u20ac \/ an<\/p>\n\n\n\n<p>Lieu : Salle d&rsquo;activit\u00e9 Verte<\/p>\n\n\n\n<p><strong>9 adh\u00e9rents au minimum<\/strong><\/p>\n\n\n\n<p><mark style=\"background-color:rgba(0, 0, 0, 0)\" class=\"has-inline-color has-vivid-red-color\">1er Cours le vendredi 12 Septembre<\/mark><\/p>\n","protected":false},"excerpt":{"rendered":"<p>Travail de l&rsquo;ensemble des articulations du corps, tout en douceur. Id\u00e9al pour lutter contre la s\u00e9dentarit\u00e9 en prenant soin de son corps et de son esprit par la mobilit\u00e9 et la d\u00e9tente. Ce yoga ce pratique sur une chaise ou sur un tapis. Cours : le vendredi de 9h30 \u00e0 10h30 Tarif : 180\u20ac \/ <a href=\"https:\/\/lafarandole.org\/?page_id=3541\" rel=\"nofollow\"><span class=\"sr-only\">En savoir plus surYOGA SENIOR \/ SUR CHAISE<\/span>[&hellip;]<\/a><\/p>\n","protected":false},"author":5,"featured_media":0,"parent":0,"menu_order":0,"comment_status":"closed","ping_status":"closed","template":"","meta":{"ngg_post_thumbnail":0,"footnotes":""},"class_list":["post-3541","page","type-page","status-publish","hentry"],"_links":{"self":[{"href":"https:\/\/lafarandole.org\/index.php?rest_route=\/wp\/v2\/pages\/3541","targetHints":{"allow":["GET"]}}],"collection":[{"href":"https:\/\/lafarandole.org\/index.php?rest_route=\/wp\/v2\/pages"}],"about":[{"href":"https:\/\/lafarandole.org\/index.php?rest_route=\/wp\/v2\/types\/page"}],"author":[{"embeddable":true,"href":"https:\/\/lafarandole.org\/index.php?rest_route=\/wp\/v2\/users\/5"}],"replies":[{"embeddable":true,"href":"https:\/\/lafarandole.org\/index.php?rest_route=%2Fwp%2Fv2%2Fcomments&post=3541"}],"version-history":[{"count":1,"href":"https:\/\/lafarandole.org\/index.php?rest_route=\/wp\/v2\/pages\/3541\/revisions"}],"predecessor-version":[{"id":3542,"href":"https:\/\/lafarandole.org\/index.php?rest_route=\/wp\/v2\/pages\/3541\/revisions\/3542"}],"wp:attachment":[{"href":"https:\/\/lafarandole.org\/index.php?rest_route=%2Fwp%2Fv2%2Fmedia&parent=3541"}],"curies":[{"name":"wp","href":"https:\/\/api.w.org\/{rel}","templated":true}]}}