{"id":8,"date":"2015-07-08T20:30:21","date_gmt":"2015-07-08T20:30:21","guid":{"rendered":"http:\/\/lafarandole.org\/?page_id=8"},"modified":"2025-08-21T10:44:25","modified_gmt":"2025-08-21T08:44:25","slug":"test","status":"publish","type":"page","link":"https:\/\/lafarandole.org\/?page_id=8","title":{"rendered":"Yoga &#8211; Adultes et Duo parents-enfants"},"content":{"rendered":"<p><!--\n\n\n\n\n\n\n\n\n\n\n<p style=\"text-align: center;\"><span style=\"font-size: 300%;\">YOGA\n<\/span>\n\n&nbsp;\n\n&nbsp;\n\n&nbsp;\n\n&nbsp;\n--><br><a href=\"https:\/\/lafarandole.org\/wp-content\/uploads\/2015\/07\/menu_yoga.jpg\"><img loading=\"lazy\" decoding=\"async\" class=\" wp-image-423 alignright\" src=\"https:\/\/lafarandole.org\/wp-content\/uploads\/2015\/07\/menu_yoga.jpg\" alt=\"\" width=\"602\" height=\"301\" srcset=\"https:\/\/lafarandole.org\/wp-content\/uploads\/2015\/07\/menu_yoga.jpg 500w, https:\/\/lafarandole.org\/wp-content\/uploads\/2015\/07\/menu_yoga-300x150.jpg 300w, https:\/\/lafarandole.org\/wp-content\/uploads\/2015\/07\/menu_yoga-400x200.jpg 400w\" sizes=\"auto, (max-width: 602px) 100vw, 602px\" \/><\/a><\/p>\n<p style=\"text-align: left;\"><span style=\"color: #ff0000;\">&nbsp;&nbsp;&nbsp;&nbsp;&nbsp;&nbsp;&nbsp;&nbsp;&nbsp;&nbsp;&nbsp;&nbsp;&nbsp;&nbsp;&nbsp;&nbsp;&nbsp;&nbsp;&nbsp;&nbsp;&nbsp;&nbsp;<\/span><span style=\"color: #ff0000;\">&nbsp;<\/span> <span style=\"text-decoration: underline; color: #ff0000;\">Sommaire :<\/span><\/p>\n<ol>\n<li style=\"text-align: left;\"><a href=\"#presentation\">Pr\u00e9sentation de l&rsquo;activit\u00e9<\/a><\/li>\n<li style=\"text-align: left;\"><a href=\"#prof-horaire\">Professeur &#8211; Horaire &#8211; Tarif<\/a><\/li>\n<li style=\"text-align: left;\">Photos<\/li>\n<\/ol>\n<h3 id=\"sommaire_1\" style=\"text-align: center;\"><span style=\"text-decoration: underline;\"><span style=\"color: #ff0000; text-decoration: underline;\"><a id=\"presentation\"><\/a> Pr\u00e9sentation de l&rsquo;activit\u00e9<br><\/span><\/span><\/h3>\n<h4 style=\"text-align: center;\"><span style=\"text-decoration: underline;\">La professeure Vanessa Huguet<\/span>,<\/h4>\n<p style=\"text-align: center;\">dipl\u00f4m\u00e9e de l&rsquo;Institut Fran\u00e7ais de Yoga, form\u00e9e par Martyn Neal,<\/p>\n<p>Elle enseigne un yoga bas\u00e9 sur les textes de r\u00e9f\u00e9rence du yoga (Yogas Sutras de Patanjali ) qui s\u2019inscrit dans la lign\u00e9e du ma\u00eetre indien T. Krishnamacarya (grand ma\u00eetre qui a favoris\u00e9 le d\u00e9veloppement du yoga en occident) et de son fils TKV Desikachar (enseignant de Martyn Neal depuis 30 ans).<\/p>\n<p>Ce yoga se base sur le respect de la personne et de sa culture ainsi que sur l\u2019adaptation du yoga \u00e0 l\u2019individu plut\u00f4t que l\u2019adaptation de l\u2019individu au yoga.<\/p>\n<p>Il s\u2019adresse donc \u00e0 tous sans distinction.<\/p>\n<p>Vous trouverez dans ce yoga, l\u2019enseignement des postures li\u00e9es au souffle en dynamique et en statique, ainsi que des techniques respiratoires et de la m\u00e9ditation.<\/p>\n<p>Le yoga peut vous aider \u00e0 amener plus de d\u00e9tente dans votre vie, \u00e0 am\u00e9liorer votre tonus et votre souplesse, \u00e0 diminuer votre stress, \u00e0 am\u00e9liorer vos relations (yoga signifie joindre, unir, relier), \u00e0 d\u00e9velopper votre attention et \u00e9ventuellement \u00e0 aborder votre \u00e9volution spirituelle.<\/p>\n<h3 style=\"text-align: center;\"><span style=\"text-decoration: underline;\">Yoga enfants et parents-enfants<\/span><\/h3>\n<p style=\"text-align: center;\">La d\u00e9couverte des postures motrices et respiratoires am\u00e9liore la perception de soi, la coordination, la concentration, la d\u00e9tente et le bien-\u00eatre&#8230;<\/p>\n<p style=\"text-align: center;\">Vanessa propose un travail sur l&rsquo;apaisement, l&rsquo;apprivoisement des \u00e9motions et la perception du soi \u00e9motionnel et physique.<br>Partage d&rsquo;un moment de complicit\u00e9 pour les s\u00e9ances en duo.<\/p>\n<h3 id=\"sommaire_2\" style=\"text-align: center;\"><span style=\"text-decoration: underline;\"><span style=\"color: #ff0000; text-decoration: underline;\"><a id=\"prof-horaire\"><\/a>Professeur &#8211; Horaire &#8211; Tarif<br><\/span><\/span><\/h3>\n<p style=\"text-align: center;\"><span style=\"color: #3366ff;\"><strong>Premiers cours&nbsp; Adultes Mercredi 10 septembre<\/strong><\/span><\/p>\n<p style=\"text-align: center;\"><span style=\"color: #33cccc;\"><strong>Premier cours Duo Parents-Enfants Mercredi 10 septembre<\/strong><\/span><\/p>\n<p><!--\n&nbsp;\n\n\n\n\n\n\n\n\n\n\n<p style=\"text-align: center;\">Enseignant :\u00a0\u00a0\u00a0\u00a0\u00a0\u00a0\u00a0\u00a0\u00a0\u00a0\u00a0\u00a0\u00a0\u00a0\u00a0\u00a0\u00a0\u00a0\u00a0\u00a0\u00a0\u00a0\u00a0\u00a0\u00a0\u00a0\u00a0\u00a0\u00a0\u00a0\u00a0\u00a0\u00a0\u00a0\u00a0\u00a0\u00a0\u00a0\u00a0\u00a0\u00a0\u00a0\u00a0\u00a0\u00a0\u00a0\u00a0\u00a0\u00a0\u00a0\u00a0\u00a0\u00a0\u00a0\u00a0\u00a0\u00a0 Horaire :\u00a0\u00a0\u00a0\u00a0\u00a0\u00a0\u00a0\u00a0\u00a0\u00a0\u00a0\u00a0\u00a0\u00a0\u00a0\u00a0\u00a0\u00a0\u00a0\u00a0\u00a0\u00a0\u00a0\u00a0\u00a0\u00a0\u00a0\u00a0\u00a0\u00a0\u00a0\u00a0\u00a0\u00a0\u00a0\u00a0\u00a0\u00a0\u00a0\u00a0\u00a0\u00a0\u00a0\u00a0\u00a0\u00a0\u00a0\u00a0\u00a0\u00a0\u00a0\u00a0\u00a0\u00a0\u00a0\u00a0\u00a0\u00a0 Tarif :<\/p>\n\n\n\n\n\n\n\n\n\n\n\n\n\n\n\n\n\n\n\n\n<p style=\"text-align: center;\"><b>Vanessa HUGUET \u00a0\u00a0\u00a0\u00a0\u00a0\u00a0\u00a0\u00a0\u00a0\u00a0\u00a0\u00a0\u00a0\u00a0\u00a0\u00a0\u00a0\u00a0\u00a0\u00a0\u00a0\u00a0\u00a0\u00a0\u00a0\u00a0 mercredi de 19h15 \u00e0 20h30\u00a0\u00a0\u00a0\u00a0\u00a0\u00a0\u00a0\u00a0\u00a0\u00a0\u00a0\u00a0\u00a0\u00a0\u00a0\u00a0\u00a0\u00a0\u00a0\u00a0\u00a0\u00a0\u00a0\u00a0 95\u20ac\/an\n<\/b>\n\n&nbsp;\n\n\n\n\n\n\n\n\n\n\n<p style=\"text-align: center;\">Cours adulte<\/p>\n\n\n\n\n\n\n\n\n\n\n\n\n\n\n\n\n\n\n\n\n\n<h4 style=\"text-align: center;\">Lieu : salle d'activit\u00e9 (en haut)<\/h4>\n\n\n\n\n\n\n\n\n\n\n--><\/p>\n<table style=\"height: 349px;\" width=\"1291\">\n<thead>\n<tr>\n<th class=\"td-profhorairetarif\">Enseignant<\/th>\n<th class=\"td-profhorairetarif\">Horaire &#8211; Tarif &#8211; Lieu : salle d&rsquo;activit\u00e9s<\/th>\n<th class=\"td-profhorairetarif\">&nbsp;<\/th>\n<th class=\"td-profhorairetarif\">&nbsp;<\/th>\n<\/tr>\n<\/thead>\n<tbody>\n<tr>\n<td class=\"td-profhorairetarif\">Vanessa HUGUET<\/td>\n<td class=\"td-profhorairetarif\">Duo Parents-Enfants (\u00e0 partir de 3 ans) : Mercredi cours 1 semaine sur 2 de 17h00 \u00e0 18h00 &#8211; 90\u20ac\n<p>&nbsp; &nbsp; &nbsp; &nbsp; &nbsp; &nbsp; &nbsp; &nbsp; &nbsp; &nbsp; &nbsp; &nbsp; &nbsp; &nbsp; &nbsp; &nbsp; &nbsp; &nbsp; &nbsp; &nbsp; &nbsp; &nbsp; &nbsp; &nbsp; &nbsp; &nbsp; &nbsp; &nbsp; &nbsp; &nbsp; &nbsp; &nbsp; &nbsp; &nbsp; &nbsp; &nbsp; &nbsp; &nbsp; &nbsp; &nbsp; &nbsp; &nbsp; &nbsp; &nbsp; &nbsp; &nbsp; &nbsp; &nbsp; &nbsp; &nbsp; &nbsp;&nbsp;<\/p>\n<p>Adultes : cours le mercredi de 18h00 \u00e0 19h15 ou de 19h15 \u00e0 20h30 &#8211; 180\u20ac<\/p>\n<\/td>\n<\/tr>\n<\/tbody>\n<\/table>\n<h3 id=\"sommaire_2\" style=\"text-align: center;\"><span style=\"text-decoration: underline;\"><span style=\"color: #ff0000; text-decoration: underline;\">Photos<br><\/span><\/span><\/h3>\n<p style=\"text-align: center;\"><span style=\"text-decoration: underline;\"><span style=\"color: #ff9900; text-decoration: underline;\">Saison 2016 &#8211; 2017<\/span><\/span><\/p>\n<p style=\"text-align: center;\"><img loading=\"lazy\" decoding=\"async\" class=\"aligncenter size-large wp-image-2408\" src=\"https:\/\/lafarandole.org\/wp-content\/uploads\/2015\/07\/Yoga-groupe-1-1024x653.jpg\" alt=\"\" width=\"640\" height=\"408\" srcset=\"https:\/\/lafarandole.org\/wp-content\/uploads\/2015\/07\/Yoga-groupe-1-1024x653.jpg 1024w, https:\/\/lafarandole.org\/wp-content\/uploads\/2015\/07\/Yoga-groupe-1-300x191.jpg 300w, https:\/\/lafarandole.org\/wp-content\/uploads\/2015\/07\/Yoga-groupe-1-768x490.jpg 768w\" sizes=\"auto, (max-width: 640px) 100vw, 640px\" \/><\/p>\n<p style=\"text-align: center;\"><img loading=\"lazy\" decoding=\"async\" class=\"aligncenter size-large wp-image-2409\" src=\"https:\/\/lafarandole.org\/wp-content\/uploads\/2015\/07\/yoga-groupe-2-1024x717.jpg\" alt=\"\" width=\"640\" height=\"448\" srcset=\"https:\/\/lafarandole.org\/wp-content\/uploads\/2015\/07\/yoga-groupe-2-1024x717.jpg 1024w, https:\/\/lafarandole.org\/wp-content\/uploads\/2015\/07\/yoga-groupe-2-300x210.jpg 300w, https:\/\/lafarandole.org\/wp-content\/uploads\/2015\/07\/yoga-groupe-2-768x538.jpg 768w\" sizes=\"auto, (max-width: 640px) 100vw, 640px\" \/><\/p>\n<p style=\"text-align: center;\"><img loading=\"lazy\" decoding=\"async\" class=\"aligncenter size-large wp-image-2410\" src=\"https:\/\/lafarandole.org\/wp-content\/uploads\/2015\/07\/Yoga-parents-enfants-1024x846.jpg\" alt=\"\" width=\"640\" height=\"529\" srcset=\"https:\/\/lafarandole.org\/wp-content\/uploads\/2015\/07\/Yoga-parents-enfants-1024x846.jpg 1024w, https:\/\/lafarandole.org\/wp-content\/uploads\/2015\/07\/Yoga-parents-enfants-300x248.jpg 300w, https:\/\/lafarandole.org\/wp-content\/uploads\/2015\/07\/Yoga-parents-enfants-768x635.jpg 768w\" sizes=\"auto, (max-width: 640px) 100vw, 640px\" \/><\/p>\n<p style=\"text-align: center;\"><span style=\"text-decoration: underline;\"><span style=\"color: #ff9900; text-decoration: underline;\">Saison 2016 &#8211; 2017<\/span><\/span><\/p>\n<p><a href=\"https:\/\/lafarandole.org\/wp-content\/uploads\/2015\/07\/yoga.jpg\"><img loading=\"lazy\" decoding=\"async\" class=\"aligncenter size-large wp-image-2194\" src=\"https:\/\/lafarandole.org\/wp-content\/uploads\/2015\/07\/yoga-1024x673.jpg\" alt=\"yoga\" width=\"640\" height=\"421\" srcset=\"https:\/\/lafarandole.org\/wp-content\/uploads\/2015\/07\/yoga-1024x673.jpg 1024w, https:\/\/lafarandole.org\/wp-content\/uploads\/2015\/07\/yoga-300x197.jpg 300w\" sizes=\"auto, (max-width: 640px) 100vw, 640px\" \/><\/a><\/p>\n<p style=\"text-align: center;\"><span style=\"text-decoration: underline;\"><span style=\"color: #ff9900; text-decoration: underline;\">Saison 2015 &#8211; 2016<\/span><\/span><\/p>\n<p><a href=\"https:\/\/lafarandole.org\/wp-content\/uploads\/2015\/07\/yoga-web.jpg\"><img loading=\"lazy\" decoding=\"async\" class=\"aligncenter size-large wp-image-1133\" src=\"https:\/\/lafarandole.org\/wp-content\/uploads\/2015\/07\/yoga-web-1024x852.jpg\" alt=\"yoga web\" width=\"640\" height=\"533\" srcset=\"https:\/\/lafarandole.org\/wp-content\/uploads\/2015\/07\/yoga-web-1024x852.jpg 1024w, https:\/\/lafarandole.org\/wp-content\/uploads\/2015\/07\/yoga-web-300x250.jpg 300w\" sizes=\"auto, (max-width: 640px) 100vw, 640px\" \/><\/a><\/p>\n\n\n<p><\/p>\n","protected":false},"excerpt":{"rendered":"<p>&nbsp;&nbsp;&nbsp;&nbsp;&nbsp;&nbsp;&nbsp;&nbsp;&nbsp;&nbsp;&nbsp;&nbsp;&nbsp;&nbsp;&nbsp;&nbsp;&nbsp;&nbsp;&nbsp;&nbsp;&nbsp;&nbsp;&nbsp; Sommaire : Pr\u00e9sentation de l&rsquo;activit\u00e9 Professeur &#8211; Horaire &#8211; Tarif Photos Pr\u00e9sentation de l&rsquo;activit\u00e9 La professeure Vanessa Huguet, dipl\u00f4m\u00e9e de l&rsquo;Institut Fran\u00e7ais de Yoga, form\u00e9e par Martyn Neal, Elle enseigne un yoga bas\u00e9 sur les textes de r\u00e9f\u00e9rence du yoga (Yogas Sutras de Patanjali ) qui s\u2019inscrit dans la lign\u00e9e du ma\u00eetre indien T. <a href=\"https:\/\/lafarandole.org\/?page_id=8\" rel=\"nofollow\"><span class=\"sr-only\">En savoir plus surYoga &#8211; Adultes et Duo parents-enfants<\/span>[&hellip;]<\/a><\/p>\n","protected":false},"author":5,"featured_media":0,"parent":439,"menu_order":0,"comment_status":"open","ping_status":"open","template":"template-fullwidth.php","meta":{"ngg_post_thumbnail":0,"footnotes":""},"class_list":["post-8","page","type-page","status-publish","hentry"],"_links":{"self":[{"href":"https:\/\/lafarandole.org\/index.php?rest_route=\/wp\/v2\/pages\/8","targetHints":{"allow":["GET"]}}],"collection":[{"href":"https:\/\/lafarandole.org\/index.php?rest_route=\/wp\/v2\/pages"}],"about":[{"href":"https:\/\/lafarandole.org\/index.php?rest_route=\/wp\/v2\/types\/page"}],"author":[{"embeddable":true,"href":"https:\/\/lafarandole.org\/index.php?rest_route=\/wp\/v2\/users\/5"}],"replies":[{"embeddable":true,"href":"https:\/\/lafarandole.org\/index.php?rest_route=%2Fwp%2Fv2%2Fcomments&post=8"}],"version-history":[{"count":26,"href":"https:\/\/lafarandole.org\/index.php?rest_route=\/wp\/v2\/pages\/8\/revisions"}],"predecessor-version":[{"id":3470,"href":"https:\/\/lafarandole.org\/index.php?rest_route=\/wp\/v2\/pages\/8\/revisions\/3470"}],"up":[{"embeddable":true,"href":"https:\/\/lafarandole.org\/index.php?rest_route=\/wp\/v2\/pages\/439"}],"wp:attachment":[{"href":"https:\/\/lafarandole.org\/index.php?rest_route=%2Fwp%2Fv2%2Fmedia&parent=8"}],"curies":[{"name":"wp","href":"https:\/\/api.w.org\/{rel}","templated":true}]}}